{"id":55,"date":"2018-12-24T11:14:09","date_gmt":"2018-12-24T11:14:09","guid":{"rendered":"http:\/\/agtravelsoft.com\/?page_id=55"},"modified":"2023-08-17T07:12:54","modified_gmt":"2023-08-17T07:12:54","slug":"contact","status":"publish","type":"page","link":"https:\/\/agtravelsoft.com\/hr\/contact\/","title":{"rendered":"Contact"},"content":{"rendered":"<p>[et_pb_section fb_built=&#8221;1&#8243; _builder_version=&#8221;4.16&#8243; use_background_color_gradient=&#8221;on&#8221; background_image=&#8221;https:\/\/agtravelsoft.com\/wp-content\/uploads\/2018\/12\/software-10.png&#8221; global_colors_info=&#8221;{}&#8221;][et_pb_row column_structure=&#8221;1_4,3_4&#8243; _builder_version=&#8221;4.16&#8243; background_size=&#8221;initial&#8221; background_position=&#8221;top_left&#8221; background_repeat=&#8221;repeat&#8221; global_colors_info=&#8221;{}&#8221;][et_pb_column type=&#8221;1_4&#8243; _builder_version=&#8221;4.16&#8243; custom_padding=&#8221;|||&#8221; global_colors_info=&#8221;{}&#8221; custom_padding__hover=&#8221;|||&#8221;][\/et_pb_column][et_pb_column type=&#8221;3_4&#8243; _builder_version=&#8221;4.16&#8243; custom_padding=&#8221;|||&#8221; global_colors_info=&#8221;{}&#8221; custom_padding__hover=&#8221;|||&#8221;][et_pb_contact_form email=&#8221;funtoursns@gmail.com&#8221; title=&#8221;Contact AgTravelSoft to Become a Customer&#8221; success_message=&#8221;Thank you for reaching out to us!  We&#8217;ll get back to you as soon as we check your credentials!&#8221; submit_button_text=&#8221;Send us an Inquiry&#8221; _builder_version=&#8221;4.21.2&#8243; _unique_id=&#8221;a3e110ca-141c-46d0-b276-49c996a2f84d&#8221; form_field_background_color=&#8221;rgba(225,199,234,0.27)&#8221; form_field_text_color=&#8221;#ffffff&#8221; title_text_align=&#8221;center&#8221; title_text_color=&#8221;#ffffff&#8221; custom_button=&#8221;on&#8221; button_text_color=&#8221;#8300e9&#8243; button_bg_color=&#8221;#ffffff&#8221; button_border_width=&#8221;1&#8243; button_border_radius=&#8221;5&#8243; button_use_icon=&#8221;off&#8221; hover_enabled=&#8221;0&#8243; custom_css_captcha_field=&#8221;background-color:purple;&#8221; custom_css_captcha_label=&#8221;color:white;&#8221; border_radii=&#8221;on|5px|5px|5px|5px&#8221; border_color_all=&#8221;#8300e9&#8243; form_background_color=&#8221;rgba(225,199,234,0.27)&#8221; global_colors_info=&#8221;{}&#8221; sticky_enabled=&#8221;0&#8243;][et_pb_contact_field field_id=&#8221;Name&#8221; field_title=&#8221;Contact Person&#8221; max_length=&#8221;50&#8243; _builder_version=&#8221;4.16&#8243; global_colors_info=&#8221;{}&#8221;][\/et_pb_contact_field][et_pb_contact_field field_id=&#8221;Company_Name&#8221; field_title=&#8221;Company Name&#8221; max_length=&#8221;150&#8243; required_mark=&#8221;off&#8221; _builder_version=&#8221;4.16&#8243; global_colors_info=&#8221;{}&#8221;][\/et_pb_contact_field][et_pb_contact_field field_id=&#8221;Country&#8221; field_title=&#8221;Country&#8221; max_length=&#8221;100&#8243; required_mark=&#8221;off&#8221; _builder_version=&#8221;4.16&#8243; global_colors_info=&#8221;{}&#8221;][\/et_pb_contact_field][et_pb_contact_field field_id=&#8221;Address&#8221; field_title=&#8221;Street Address&#8221; max_length=&#8221;100&#8243; _builder_version=&#8221;4.16&#8243; global_colors_info=&#8221;{}&#8221;][\/et_pb_contact_field][et_pb_contact_field field_id=&#8221;Tax_Identity_Number&#8221; field_title=&#8221;Tax ID No &#8221; max_length=&#8221;100&#8243; required_mark=&#8221;off&#8221; _builder_version=&#8221;4.16&#8243; global_colors_info=&#8221;{}&#8221;][\/et_pb_contact_field][et_pb_contact_field field_id=&#8221;Email&#8221; field_title=&#8221;Email Address&#8221; max_length=&#8221;89&#8243; _builder_version=&#8221;4.16&#8243; global_colors_info=&#8221;{}&#8221;][\/et_pb_contact_field][et_pb_contact_field field_id=&#8221;Phone&#8221; field_title=&#8221;Your phone number&#8221; max_length=&#8221;57&#8243; allowed_symbols=&#8221;numbers&#8221; fullwidth_field=&#8221;on&#8221; _builder_version=&#8221;4.16&#8243; _module_preset=&#8221;default&#8221; global_colors_info=&#8221;{}&#8221;][\/et_pb_contact_field][et_pb_contact_field field_id=&#8221;No_of_Needed_Accounts&#8221; field_title=&#8221;How many employees would use AgTravelSoft?&#8221; max_length=&#8221;6&#8243; required_mark=&#8221;off&#8221; _builder_version=&#8221;4.16&#8243; global_colors_info=&#8221;{}&#8221;][\/et_pb_contact_field][et_pb_contact_field field_id=&#8221;No_of_Contracts_Annually&#8221; field_title=&#8221;Rough estimation of annual No of travellers?&#8221; max_length=&#8221;10&#8243; required_mark=&#8221;off&#8221; _builder_version=&#8221;4.16&#8243; global_colors_info=&#8221;{}&#8221;][\/et_pb_contact_field][et_pb_contact_field field_id=&#8221;Message&#8221; field_title=&#8221;Message&#8221; field_type=&#8221;text&#8221; fullwidth_field=&#8221;on&#8221; _builder_version=&#8221;4.16&#8243; global_colors_info=&#8221;{}&#8221;][\/et_pb_contact_field][et_pb_contact_field field_id=&#8221;Business_Decription&#8221; field_title=&#8221;Describe your business to us&#8221; field_type=&#8221;text&#8221; required_mark=&#8221;off&#8221; fullwidth_field=&#8221;on&#8221; _builder_version=&#8221;4.16&#8243; global_colors_info=&#8221;{}&#8221;][\/et_pb_contact_field][\/et_pb_contact_form][\/et_pb_column][\/et_pb_row][\/et_pb_section][et_pb_section fb_built=&#8221;1&#8243; _builder_version=&#8221;4.16&#8243; use_background_color_gradient=&#8221;on&#8221; background_image=&#8221;https:\/\/agtravelsoft.com\/wp-content\/uploads\/2018\/12\/software-10.png&#8221; global_colors_info=&#8221;{}&#8221;][et_pb_row _builder_version=&#8221;4.16&#8243; background_size=&#8221;initial&#8221; background_position=&#8221;top_left&#8221; background_repeat=&#8221;repeat&#8221; global_colors_info=&#8221;{}&#8221;][et_pb_column type=&#8221;4_4&#8243; _builder_version=&#8221;4.16&#8243; custom_padding=&#8221;|||&#8221; global_colors_info=&#8221;{}&#8221; custom_padding__hover=&#8221;|||&#8221;][et_pb_text _builder_version=&#8221;4.16&#8243; text_text_color=&#8221;#ffffff&#8221; header_text_color=&#8221;#ffffff&#8221; global_colors_info=&#8221;{}&#8221;]<\/p>\n<h1 style=\"text-align: right;color:white;\">Programerska firma za softvere aplikacije i programe u turizmu &#8211; kontakt<\/h1>\n<p style=\"text-align: right;\">ORGANIZATORI, SUBAGENTI, MENAD\u017dERI SME\u0160TAJA &#8211; olak\u0161ajte poslovanje svojih turisti\u010dkih agencija, hotela, i ostalih turisti\u010dkih biznisa ve\u0107 danas!<\/p>\n<p>[\/et_pb_text][\/et_pb_column][\/et_pb_row][et_pb_row column_structure=&#8221;1_4,3_4&#8243; _builder_version=&#8221;4.16&#8243; background_size=&#8221;initial&#8221; background_position=&#8221;top_left&#8221; background_repeat=&#8221;repeat&#8221; global_colors_info=&#8221;{}&#8221;][et_pb_column type=&#8221;1_4&#8243; _builder_version=&#8221;4.16&#8243; custom_padding=&#8221;|||&#8221; global_colors_info=&#8221;{}&#8221; custom_padding__hover=&#8221;|||&#8221;][\/et_pb_column][et_pb_column type=&#8221;3_4&#8243; _builder_version=&#8221;4.16&#8243; custom_padding=&#8221;|||&#8221; global_colors_info=&#8221;{}&#8221; custom_padding__hover=&#8221;|||&#8221;][et_pb_contact_form email=&#8221;funtoursns@gmail.com&#8221; title=&#8221;\u017delite li da postanete korisnik aplikacije AgTravelSoft?&#8221; success_message=&#8221;Hvala \u0161to ste nas kontaktirali!  Uskoro \u0107emo vam odgovoriti!&#8221; submit_button_text=&#8221;Po\u0161aljite upit&#8221; _builder_version=&#8221;4.21.2&#8243; _unique_id=&#8221;7f3b9546-bcb1-4acd-9448-333533f84223&#8243; form_field_background_color=&#8221;rgba(225,199,234,0.27)&#8221; form_field_text_color=&#8221;#ffffff&#8221; title_text_align=&#8221;center&#8221; title_text_color=&#8221;#ffffff&#8221; custom_button=&#8221;on&#8221; button_text_color=&#8221;#8300e9&#8243; button_bg_color=&#8221;#ffffff&#8221; button_border_width=&#8221;1&#8243; button_border_radius=&#8221;5&#8243; button_use_icon=&#8221;off&#8221; hover_enabled=&#8221;0&#8243; custom_css_captcha_field=&#8221;background-color:purple;&#8221; custom_css_captcha_label=&#8221;color:white;&#8221; border_radii=&#8221;on|5px|5px|5px|5px&#8221; border_color_all=&#8221;#8300e9&#8243; form_background_color=&#8221;rgba(225,199,234,0.27)&#8221; global_colors_info=&#8221;{}&#8221; sticky_enabled=&#8221;0&#8243;][et_pb_contact_field field_id=&#8221;Poruka&#8221; field_title=&#8221;Poruka za nas&#8230;&#8221; fullwidth_field=&#8221;on&#8221; _builder_version=&#8221;4.16&#8243; global_colors_info=&#8221;{}&#8221;][\/et_pb_contact_field][et_pb_contact_field field_id=&#8221;Ime&#8221; field_title=&#8221;Kontakt osoba&#8221; max_length=&#8221;50&#8243; _builder_version=&#8221;4.16&#8243; global_colors_info=&#8221;{}&#8221;][\/et_pb_contact_field][et_pb_contact_field field_id=&#8221;Naziv_firme&#8221; field_title=&#8221;Naziv firme&#8221; max_length=&#8221;150&#8243; _builder_version=&#8221;4.16&#8243; global_colors_info=&#8221;{}&#8221;][\/et_pb_contact_field][et_pb_contact_field field_id=&#8221;Drzava&#8221; field_title=&#8221;Dr\u017eava&#8221; max_length=&#8221;100&#8243; _builder_version=&#8221;4.16&#8243; global_colors_info=&#8221;{}&#8221;][\/et_pb_contact_field][et_pb_contact_field field_id=&#8221;Adresa&#8221; field_title=&#8221;Adresa&#8221; max_length=&#8221;100&#8243; _builder_version=&#8221;4.16&#8243; global_colors_info=&#8221;{}&#8221;][\/et_pb_contact_field][et_pb_contact_field field_id=&#8221;mobilni&#8221; field_title=&#8221;Broj telefona&#8221; min_length=&#8221;10&#8243; max_length=&#8221;18&#8243; fullwidth_field=&#8221;on&#8221; _builder_version=&#8221;4.16&#8243; _module_preset=&#8221;default&#8221; global_colors_info=&#8221;{}&#8221;][\/et_pb_contact_field][et_pb_contact_field field_id=&#8221;PIB&#8221; field_title=&#8221;PIB&#8221; max_length=&#8221;100&#8243; _builder_version=&#8221;4.16&#8243; global_colors_info=&#8221;{}&#8221;][\/et_pb_contact_field][et_pb_contact_field field_id=&#8221;Email&#8221; field_title=&#8221;Email Address&#8221; field_type=&#8221;email&#8221; _builder_version=&#8221;4.16&#8243; global_colors_info=&#8221;{}&#8221;][\/et_pb_contact_field][et_pb_contact_field field_id=&#8221;Br_potrebnih_naloga&#8221; field_title=&#8221;Koliko va\u0161ih zaposlenih \u0107e koristiti AgTravelSoft?&#8221; max_length=&#8221;6&#8243; _builder_version=&#8221;4.16&#8243; global_colors_info=&#8221;{}&#8221;][\/et_pb_contact_field][et_pb_contact_field field_id=&#8221;Broj_ugovora_godisnje&#8221; field_title=&#8221;Koliko ugovora otprilike napravite za sezonu?&#8221; max_length=&#8221;10&#8243; _builder_version=&#8221;4.16&#8243; global_colors_info=&#8221;{}&#8221;][\/et_pb_contact_field][et_pb_contact_field field_id=&#8221;Opis_firme&#8221; field_title=&#8221;Opi\u0161ite ukratko svoj biznis&#8221; field_type=&#8221;text&#8221; fullwidth_field=&#8221;on&#8221; _builder_version=&#8221;4.16&#8243; global_colors_info=&#8221;{}&#8221;][\/et_pb_contact_field][\/et_pb_contact_form][\/et_pb_column][\/et_pb_row][\/et_pb_section][et_pb_section fb_built=&#8221;1&#8243; _builder_version=&#8221;4.16&#8243; use_background_color_gradient=&#8221;on&#8221; background_image=&#8221;https:\/\/agtravelsoft.com\/wp-content\/uploads\/2018\/12\/software-10.png&#8221; global_colors_info=&#8221;{}&#8221;][et_pb_row column_structure=&#8221;1_4,3_4&#8243; _builder_version=&#8221;4.16&#8243; background_size=&#8221;initial&#8221; background_position=&#8221;top_left&#8221; background_repeat=&#8221;repeat&#8221; global_colors_info=&#8221;{}&#8221;][et_pb_column type=&#8221;1_4&#8243; _builder_version=&#8221;4.16&#8243; custom_padding=&#8221;|||&#8221; global_colors_info=&#8221;{}&#8221; custom_padding__hover=&#8221;|||&#8221;][\/et_pb_column][et_pb_column type=&#8221;3_4&#8243; _builder_version=&#8221;4.16&#8243; custom_padding=&#8221;|||&#8221; global_colors_info=&#8221;{}&#8221; custom_padding__hover=&#8221;|||&#8221;][et_pb_contact_form email=&#8221;funtoursns@gmail.com&#8221; title=&#8221;Kontaktirajte AgTravelSoft kako biste postali korisnik&#8221; success_message=&#8221;Hvala \u0161to ste nas kontaktirali! &#8221; submit_button_text=&#8221;Po\u0161aljite nam pitanja&#8221; _builder_version=&#8221;4.21.2&#8243; _unique_id=&#8221;509ad8d1-1266-436b-8533-ab464247b253&#8243; form_field_background_color=&#8221;rgba(225,199,234,0.27)&#8221; form_field_text_color=&#8221;#ffffff&#8221; title_text_align=&#8221;center&#8221; title_text_color=&#8221;#ffffff&#8221; custom_button=&#8221;on&#8221; button_text_color=&#8221;#8300e9&#8243; button_bg_color=&#8221;#ffffff&#8221; button_border_width=&#8221;1&#8243; button_border_radius=&#8221;5&#8243; button_use_icon=&#8221;off&#8221; hover_enabled=&#8221;0&#8243; custom_css_captcha_field=&#8221;background-color:purple;&#8221; custom_css_captcha_label=&#8221;color:white;&#8221; border_radii=&#8221;on|5px|5px|5px|5px&#8221; border_color_all=&#8221;#8300e9&#8243; form_background_color=&#8221;rgba(225,199,234,0.27)&#8221; global_colors_info=&#8221;{}&#8221; sticky_enabled=&#8221;0&#8243;][et_pb_contact_field field_id=&#8221;Ime&#8221; field_title=&#8221;Kontakt osoba&#8221; max_length=&#8221;50&#8243; _builder_version=&#8221;4.16&#8243; global_colors_info=&#8221;{}&#8221;][\/et_pb_contact_field][et_pb_contact_field field_id=&#8221;Ime_tvrtke&#8221; field_title=&#8221;Ime tvrtke&#8221; max_length=&#8221;150&#8243; _builder_version=&#8221;4.16&#8243; global_colors_info=&#8221;{}&#8221;][\/et_pb_contact_field][et_pb_contact_field field_id=&#8221;Dr\u017eava&#8221; field_title=&#8221;Dr\u017eava&#8221; max_length=&#8221;100&#8243; _builder_version=&#8221;4.16&#8243; global_colors_info=&#8221;{}&#8221;][\/et_pb_contact_field][et_pb_contact_field field_id=&#8221;Adresa&#8221; field_title=&#8221;Adresa&#8221; max_length=&#8221;100&#8243; _builder_version=&#8221;4.16&#8243; global_colors_info=&#8221;{}&#8221;][\/et_pb_contact_field][et_pb_contact_field field_id=&#8221;Porezni_broj&#8221; field_title=&#8221;Porezni broj&#8221; max_length=&#8221;100&#8243; _builder_version=&#8221;4.16&#8243; global_colors_info=&#8221;{}&#8221;][\/et_pb_contact_field][et_pb_contact_field field_id=&#8221;Email&#8221; field_title=&#8221;Email Address&#8221; field_type=&#8221;email&#8221; _builder_version=&#8221;4.16&#8243; global_colors_info=&#8221;{}&#8221;][\/et_pb_contact_field][et_pb_contact_field field_id=&#8221;Br_potrebnih_naloga&#8221; field_title=&#8221;Koliko zaposlenika bi koristilo AgTravelSoft?&#8221; max_length=&#8221;6&#8243; _builder_version=&#8221;4.16&#8243; global_colors_info=&#8221;{}&#8221;][\/et_pb_contact_field][et_pb_contact_field field_id=&#8221;Br_ugovora_godisnje&#8221; field_title=&#8221;Gruba procjena broja godi\u0161njih putovanja?&#8221; max_length=&#8221;10&#8243; _builder_version=&#8221;4.16&#8243; global_colors_info=&#8221;{}&#8221;][\/et_pb_contact_field][et_pb_contact_field field_id=&#8221;Opis_poslovanja&#8221; field_title=&#8221;Opi\u0161ite nam svoje poslovanje&#8221; field_type=&#8221;text&#8221; fullwidth_field=&#8221;on&#8221; _builder_version=&#8221;4.16&#8243; global_colors_info=&#8221;{}&#8221;][\/et_pb_contact_field][et_pb_contact_field field_id=&#8221;Poruka&#8221; field_title=&#8221;Poruka&#8221; field_type=&#8221;text&#8221; fullwidth_field=&#8221;on&#8221; _builder_version=&#8221;4.16&#8243; global_colors_info=&#8221;{}&#8221;][\/et_pb_contact_field][\/et_pb_contact_form][\/et_pb_column][\/et_pb_row][\/et_pb_section][et_pb_section fb_built=&#8221;1&#8243; _builder_version=&#8221;4.16&#8243; _module_preset=&#8221;default&#8221; global_colors_info=&#8221;{}&#8221;][et_pb_row _builder_version=&#8221;4.16&#8243; _module_preset=&#8221;default&#8221; global_colors_info=&#8221;{}&#8221;][et_pb_column type=&#8221;4_4&#8243; _builder_version=&#8221;4.16&#8243; _module_preset=&#8221;default&#8221; global_colors_info=&#8221;{}&#8221;][:en _i=&#8221;0&#8243; _address=&#8221;3.0.0.0&#8243; \/][:RS _i=&#8221;1&#8243; _address=&#8221;3.0.0.1&#8243; \/][:hr _i=&#8221;2&#8243; _address=&#8221;3.0.0.2&#8243; \/][: _i=&#8221;3&#8243; _address=&#8221;3.0.0.3&#8243; \/][\/et_pb_column][\/et_pb_row][\/et_pb_section]<\/p>\n","protected":false},"excerpt":{"rendered":"<p>Programerska firma za softvere aplikacije i programe u turizmu &#8211; kontaktORGANIZATORI, SUBAGENTI, MENAD\u017dERI SME\u0160TAJA &#8211; olak\u0161ajte poslovanje svojih turisti\u010dkih agencija, hotela, i ostalih turisti\u010dkih biznisa ve\u0107 danas! [:en _i=&#8221;0&#8243; _address=&#8221;3.0.0.0&#8243; \/][:RS _i=&#8221;1&#8243; _address=&#8221;3.0.0.1&#8243; \/][:hr _i=&#8221;2&#8243; _address=&#8221;3.0.0.2&#8243; \/][: _i=&#8221;3&#8243; _address=&#8221;3.0.0.3&#8243; \/]<\/p>\n","protected":false},"author":2,"featured_media":0,"parent":0,"menu_order":0,"comment_status":"closed","ping_status":"closed","template":"","meta":{"_et_pb_use_builder":"on","_et_pb_old_content":"","_et_gb_content_width":"","footnotes":""},"class_list":["post-55","page","type-page","status-publish","hentry"],"yoast_head":"<!-- This site is optimized with the Yoast SEO plugin v27.1.1 - https:\/\/yoast.com\/product\/yoast-seo-wordpress\/ -->\n<title>kontaktiraj nas za nabavku aplikacijskog softvera za turisti\u010dke obrte i tvrtke<\/title>\n<meta name=\"description\" content=\"kontaktiraj nas za nabavku aplikacijskog softvera za turisti\u010dke obrte i tvrtke\" \/>\n<meta name=\"robots\" content=\"index, follow, max-snippet:-1, max-image-preview:large, max-video-preview:-1\" \/>\n<link rel=\"canonical\" href=\"https:\/\/agtravelsoft.com\/hr\/contact\/\" \/>\n<meta property=\"og:locale\" content=\"hr_HR\" \/>\n<meta property=\"og:type\" content=\"article\" \/>\n<meta property=\"og:title\" content=\"kontaktiraj nas za nabavku aplikacijskog softvera za turisti\u010dke obrte i tvrtke\" \/>\n<meta property=\"og:description\" content=\"kontaktiraj nas za nabavku aplikacijskog softvera za turisti\u010dke obrte i tvrtke\" \/>\n<meta property=\"og:url\" content=\"https:\/\/agtravelsoft.com\/hr\/contact\/\" \/>\n<meta property=\"og:site_name\" content=\"AgTravelSoft\" \/>\n<meta property=\"article:modified_time\" content=\"2023-08-17T07:12:54+00:00\" \/>\n<meta name=\"twitter:card\" content=\"summary_large_image\" \/>\n<meta name=\"twitter:label1\" content=\"Procijenjeno vrijeme \u010ditanja\" \/>\n\t<meta name=\"twitter:data1\" content=\"8 minuta\" \/>\n<script type=\"application\/ld+json\" class=\"yoast-schema-graph\">{\"@context\":\"https:\/\/schema.org\",\"@graph\":[{\"@type\":\"WebPage\",\"@id\":\"https:\/\/agtravelsoft.com\/hr\/contact\/\",\"url\":\"https:\/\/agtravelsoft.com\/hr\/contact\/\",\"name\":\"kontaktiraj nas za nabavku aplikacijskog softvera za turisti\u010dke obrte i tvrtke\",\"isPartOf\":{\"@id\":\"https:\/\/agtravelsoft.com\/hr\/#website\"},\"datePublished\":\"2018-12-24T11:14:09+00:00\",\"dateModified\":\"2023-08-17T07:12:54+00:00\",\"description\":\"kontaktiraj nas za nabavku aplikacijskog softvera za turisti\u010dke obrte i tvrtke\",\"breadcrumb\":{\"@id\":\"https:\/\/agtravelsoft.com\/hr\/contact\/#breadcrumb\"},\"inLanguage\":\"hr\",\"potentialAction\":[{\"@type\":\"ReadAction\",\"target\":[[\"https:\/\/agtravelsoft.com\/hr\/contact\/\"]]}]},{\"@type\":\"BreadcrumbList\",\"@id\":\"https:\/\/agtravelsoft.com\/hr\/contact\/#breadcrumb\",\"itemListElement\":[{\"@type\":\"ListItem\",\"position\":1,\"name\":\"Home\",\"item\":\"https:\/\/agtravelsoft.com\/hr\/\"},{\"@type\":\"ListItem\",\"position\":2,\"name\":\"Contact\"}]},{\"@type\":\"WebSite\",\"@id\":\"https:\/\/agtravelsoft.com\/hr\/#website\",\"url\":\"https:\/\/agtravelsoft.com\/hr\/\",\"name\":\"AgTravelSoft\",\"description\":\"AgTravelSoft - web aplikacija za upravljanje turisti\u010dkom agencijom\",\"publisher\":{\"@id\":\"https:\/\/agtravelsoft.com\/hr\/#organization\"},\"potentialAction\":[{\"@type\":\"SearchAction\",\"target\":{\"@type\":\"EntryPoint\",\"urlTemplate\":\"https:\/\/agtravelsoft.com\/hr\/?s={search_term_string}\"},\"query-input\":{\"@type\":\"PropertyValueSpecification\",\"valueRequired\":true,\"valueName\":\"search_term_string\"}}],\"inLanguage\":\"hr\"},{\"@type\":\"Organization\",\"@id\":\"https:\/\/agtravelsoft.com\/hr\/#organization\",\"name\":\"Agtravelsoft\",\"url\":\"https:\/\/agtravelsoft.com\/hr\/\",\"logo\":{\"@type\":\"ImageObject\",\"inLanguage\":\"hr\",\"@id\":\"https:\/\/agtravelsoft.com\/hr\/#\/schema\/logo\/image\/\",\"url\":\"http:\/\/agtravelsoft.com\/wp-content\/uploads\/2018\/12\/vizitkarta-logo-agtravelsoft.png\",\"contentUrl\":\"http:\/\/agtravelsoft.com\/wp-content\/uploads\/2018\/12\/vizitkarta-logo-agtravelsoft.png\",\"width\":256,\"height\":78,\"caption\":\"Agtravelsoft\"},\"image\":{\"@id\":\"https:\/\/agtravelsoft.com\/hr\/#\/schema\/logo\/image\/\"}}]}<\/script>\n<!-- \/ Yoast SEO plugin. -->","yoast_head_json":{"title":"kontaktiraj nas za nabavku aplikacijskog softvera za turisti\u010dke obrte i tvrtke","description":"kontaktiraj nas za nabavku aplikacijskog softvera za turisti\u010dke obrte i tvrtke","robots":{"index":"index","follow":"follow","max-snippet":"max-snippet:-1","max-image-preview":"max-image-preview:large","max-video-preview":"max-video-preview:-1"},"canonical":"https:\/\/agtravelsoft.com\/hr\/contact\/","og_locale":"hr_HR","og_type":"article","og_title":"kontaktiraj nas za nabavku aplikacijskog softvera za turisti\u010dke obrte i tvrtke","og_description":"kontaktiraj nas za nabavku aplikacijskog softvera za turisti\u010dke obrte i tvrtke","og_url":"https:\/\/agtravelsoft.com\/hr\/contact\/","og_site_name":"AgTravelSoft","article_modified_time":"2023-08-17T07:12:54+00:00","twitter_card":"summary_large_image","twitter_misc":{"Procijenjeno vrijeme \u010ditanja":"8 minuta"},"schema":{"@context":"https:\/\/schema.org","@graph":[{"@type":"WebPage","@id":"https:\/\/agtravelsoft.com\/hr\/contact\/","url":"https:\/\/agtravelsoft.com\/hr\/contact\/","name":"kontaktiraj nas za nabavku aplikacijskog softvera za turisti\u010dke obrte i tvrtke","isPartOf":{"@id":"https:\/\/agtravelsoft.com\/hr\/#website"},"datePublished":"2018-12-24T11:14:09+00:00","dateModified":"2023-08-17T07:12:54+00:00","description":"kontaktiraj nas za nabavku aplikacijskog softvera za turisti\u010dke obrte i tvrtke","breadcrumb":{"@id":"https:\/\/agtravelsoft.com\/hr\/contact\/#breadcrumb"},"inLanguage":"hr","potentialAction":[{"@type":"ReadAction","target":[["https:\/\/agtravelsoft.com\/hr\/contact\/"]]}]},{"@type":"BreadcrumbList","@id":"https:\/\/agtravelsoft.com\/hr\/contact\/#breadcrumb","itemListElement":[{"@type":"ListItem","position":1,"name":"Home","item":"https:\/\/agtravelsoft.com\/hr\/"},{"@type":"ListItem","position":2,"name":"Contact"}]},{"@type":"WebSite","@id":"https:\/\/agtravelsoft.com\/hr\/#website","url":"https:\/\/agtravelsoft.com\/hr\/","name":"AgTravelSoft","description":"AgTravelSoft - web aplikacija za upravljanje turisti\u010dkom agencijom","publisher":{"@id":"https:\/\/agtravelsoft.com\/hr\/#organization"},"potentialAction":[{"@type":"SearchAction","target":{"@type":"EntryPoint","urlTemplate":"https:\/\/agtravelsoft.com\/hr\/?s={search_term_string}"},"query-input":{"@type":"PropertyValueSpecification","valueRequired":true,"valueName":"search_term_string"}}],"inLanguage":"hr"},{"@type":"Organization","@id":"https:\/\/agtravelsoft.com\/hr\/#organization","name":"Agtravelsoft","url":"https:\/\/agtravelsoft.com\/hr\/","logo":{"@type":"ImageObject","inLanguage":"hr","@id":"https:\/\/agtravelsoft.com\/hr\/#\/schema\/logo\/image\/","url":"http:\/\/agtravelsoft.com\/wp-content\/uploads\/2018\/12\/vizitkarta-logo-agtravelsoft.png","contentUrl":"http:\/\/agtravelsoft.com\/wp-content\/uploads\/2018\/12\/vizitkarta-logo-agtravelsoft.png","width":256,"height":78,"caption":"Agtravelsoft"},"image":{"@id":"https:\/\/agtravelsoft.com\/hr\/#\/schema\/logo\/image\/"}}]}},"_links":{"self":[{"href":"https:\/\/agtravelsoft.com\/hr\/wp-json\/wp\/v2\/pages\/55","targetHints":{"allow":["GET"]}}],"collection":[{"href":"https:\/\/agtravelsoft.com\/hr\/wp-json\/wp\/v2\/pages"}],"about":[{"href":"https:\/\/agtravelsoft.com\/hr\/wp-json\/wp\/v2\/types\/page"}],"author":[{"embeddable":true,"href":"https:\/\/agtravelsoft.com\/hr\/wp-json\/wp\/v2\/users\/2"}],"replies":[{"embeddable":true,"href":"https:\/\/agtravelsoft.com\/hr\/wp-json\/wp\/v2\/comments?post=55"}],"version-history":[{"count":46,"href":"https:\/\/agtravelsoft.com\/hr\/wp-json\/wp\/v2\/pages\/55\/revisions"}],"predecessor-version":[{"id":461,"href":"https:\/\/agtravelsoft.com\/hr\/wp-json\/wp\/v2\/pages\/55\/revisions\/461"}],"wp:attachment":[{"href":"https:\/\/agtravelsoft.com\/hr\/wp-json\/wp\/v2\/media?parent=55"}],"curies":[{"name":"wp","href":"https:\/\/api.w.org\/{rel}","templated":true}]}}