{"id":54,"date":"2018-12-24T11:14:09","date_gmt":"2018-12-24T11:14:09","guid":{"rendered":"http:\/\/agtravelsoft.com\/?page_id=54"},"modified":"2019-01-21T16:32:42","modified_gmt":"2019-01-21T16:32:42","slug":"features","status":"publish","type":"page","link":"https:\/\/agtravelsoft.com\/hr\/features\/","title":{"rendered":"Features"},"content":{"rendered":"<p>[et_pb_section bb_built=&#8221;1&#8243;][et_pb_row][et_pb_column type=&#8221;4_4&#8243;][et_pb_text _builder_version=&#8221;3.19.4&#8243;]<\/p>\n<h1>AGTravelSoft ZNA\u010cAJKE<\/h1>\n<p>[\/et_pb_text][\/et_pb_column][\/et_pb_row][et_pb_row][et_pb_column type=&#8221;4_4&#8243;][et_pb_text _builder_version=&#8221;3.19.4&#8243;]<\/p>\n<p>Kao \u0161to ste ve\u0107 shvatili, AgTravelSoft je <strong>internetski softver za upravljanje turisti\u010dkim uredom ili putni\u010dkom agencijom<\/strong>. Ukratko re\u010deno, to je aplikacija za fakturiranje, ugovaranje, rezerviranje, ponude, analitiku u turizmu. Ako je koristite u svakodnevnom radu, mo\u0107i \u0107ete:<\/p>\n<p>[\/et_pb_text][\/et_pb_column][\/et_pb_row][et_pb_row][et_pb_column type=&#8221;2_3&#8243;][et_pb_text _builder_version=&#8221;3.19.4&#8243;]<\/p>\n<ul>\n<li>Koristite svoju turisti\u010dku aplikaciju na svim platformama &#8211; Android, Windows, iOS, Linux\u2026;<\/li>\n<li>Koristite svoju turisti\u010dku aplikaciju na ure\u0111ajima &#8211; pametnom telefonu, ra\u010dunalu, Smart TV-u\u2026;<\/li>\n<li>Odredite svoje turoperatore ili turisti\u010dke agente samo jednom i zadr\u017eite ih u svom sustavu;<\/li>\n<li>Definirajte podatke o putniku i zadr\u017eite ih u sustavu za sljede\u0107e putovanje;<\/li>\n<li>Generirajte ugovor o putni\u010dkim uslugama u nekoliko jednostavnih klikova;<\/li>\n<li>Izradite ra\u010dune nakon \u0161to ste prodali aran\u017emane za putovanje ili smje\u0161taj;<\/li>\n<li>Rezervirajte svoj smje\u0161taj;<\/li>\n<li>Ponudite svoj smje\u0161taj \u0161irom svijeta putem integracije jednim klikom s velikim rezervacijskim sustavima;<\/li>\n<li>Ponudite smje\u0161taj koji ogla\u0161avaju drugi ljudi kao svoju vlastitu suradnju;<\/li>\n<li>Mnogo vi\u0161e zanimljivih i korisnih zna\u010dajki &#8230;<\/li>\n<\/ul>\n<p>[\/et_pb_text][\/et_pb_column][et_pb_column type=&#8221;1_3&#8243;][et_pb_image _builder_version=&#8221;3.19.2&#8243; src=&#8221;http:\/\/agtravelsoft.com\/wp-content\/uploads\/2019\/01\/board-1364652_640.jpg&#8221; \/][\/et_pb_column][\/et_pb_row][et_pb_row][et_pb_column type=&#8221;4_4&#8243;][et_pb_text _builder_version=&#8221;3.19.4&#8243;]<\/p>\n<p>Jo\u0161 uvijek niste uvjereni? <strong><a href=\"http:\/\/agtravelsoft.com\/demo\/\">Isplanirajte online demo<\/a><\/strong> za sebe (trajat \u0107e otprilike 20 minuta) i uvjerite se sami!<\/p>\n<p>[\/et_pb_text][\/et_pb_column][\/et_pb_row][\/et_pb_section]<\/p>","protected":false},"excerpt":{"rendered":"<p><div class=\"et_pb_row et_pb_row_0 et_pb_row_empty\">\n\t\t\t\t\n\t\t\t\t\n\t\t\t\t\n\t\t\t\t\n\t\t\t\t\n\t\t\t<\/div> AGTravelSoft ZNA\u010cAJKE <div class=\"et_pb_row et_pb_row_1 et_pb_row_empty\">\n\t\t\t\t\n\t\t\t\t\n\t\t\t\t\n\t\t\t\t\n\t\t\t\t\n\t\t\t<\/div> Kao \u0161to ste ve\u0107 shvatili, AgTravelSoft je internetski softver za upravljanje turisti\u010dkim uredom ili putni\u010dkom agencijom. Ukratko re\u010deno, to je aplikacija za fakturiranje, ugovaranje, rezerviranje, ponude, analitiku u turizmu. Ako je koristite u svakodnevnom radu, mo\u0107i \u0107ete: <div class=\"et_pb_row et_pb_row_2 et_pb_row_empty\">\n\t\t\t\t\n\t\t\t\t\n\t\t\t\t\n\t\t\t\t\n\t\t\t\t\n\t\t\t<\/div> Koristite svoju turisti\u010dku aplikaciju na svim platformama &#8211; Android, Windows, iOS, Linux\u2026; Koristite [&hellip;]<\/p>\n","protected":false},"author":2,"featured_media":0,"parent":0,"menu_order":0,"comment_status":"closed","ping_status":"closed","template":"","meta":{"_et_pb_use_builder":"on","_et_pb_old_content":"","_et_gb_content_width":"","footnotes":""},"class_list":["post-54","page","type-page","status-publish","hentry"],"yoast_head":"<!-- This site is optimized with the Yoast SEO plugin v27.1.1 - https:\/\/yoast.com\/product\/yoast-seo-wordpress\/ -->\n<title>software for invoicing, contracting, booking, offers, analytics in tourism<\/title>\n<meta name=\"description\" content=\"AgTravelSoft - software that helps you with your daily tasks, invoicing, contracting, and analytics of your tourist business, as well as booking and offers\" \/>\n<meta name=\"robots\" content=\"index, follow, max-snippet:-1, max-image-preview:large, max-video-preview:-1\" \/>\n<link rel=\"canonical\" href=\"https:\/\/agtravelsoft.com\/hr\/features\/\" \/>\n<meta property=\"og:locale\" content=\"hr_HR\" \/>\n<meta property=\"og:type\" content=\"article\" \/>\n<meta property=\"og:title\" content=\"software for invoicing, contracting, booking, offers, analytics in tourism\" \/>\n<meta property=\"og:description\" content=\"AgTravelSoft - software that helps you with your daily tasks, invoicing, contracting, and analytics of your tourist business, as well as booking and offers\" \/>\n<meta property=\"og:url\" content=\"https:\/\/agtravelsoft.com\/hr\/features\/\" \/>\n<meta property=\"og:site_name\" content=\"AgTravelSoft\" \/>\n<meta property=\"article:modified_time\" content=\"2019-01-21T16:32:42+00:00\" \/>\n<meta name=\"twitter:card\" content=\"summary_large_image\" \/>\n<meta name=\"twitter:label1\" content=\"Procijenjeno vrijeme \u010ditanja\" \/>\n\t<meta name=\"twitter:data1\" content=\"2 minute\" \/>\n<script type=\"application\/ld+json\" class=\"yoast-schema-graph\">{\"@context\":\"https:\/\/schema.org\",\"@graph\":[{\"@type\":\"WebPage\",\"@id\":\"https:\/\/agtravelsoft.com\/hr\/features\/\",\"url\":\"https:\/\/agtravelsoft.com\/hr\/features\/\",\"name\":\"software for invoicing, contracting, booking, offers, analytics in tourism\",\"isPartOf\":{\"@id\":\"https:\/\/agtravelsoft.com\/hr\/#website\"},\"datePublished\":\"2018-12-24T11:14:09+00:00\",\"dateModified\":\"2019-01-21T16:32:42+00:00\",\"description\":\"AgTravelSoft - software that helps you with your daily tasks, invoicing, contracting, and analytics of your tourist business, as well as booking and offers\",\"breadcrumb\":{\"@id\":\"https:\/\/agtravelsoft.com\/hr\/features\/#breadcrumb\"},\"inLanguage\":\"hr\",\"potentialAction\":[{\"@type\":\"ReadAction\",\"target\":[[\"https:\/\/agtravelsoft.com\/hr\/features\/\"]]}]},{\"@type\":\"BreadcrumbList\",\"@id\":\"https:\/\/agtravelsoft.com\/hr\/features\/#breadcrumb\",\"itemListElement\":[{\"@type\":\"ListItem\",\"position\":1,\"name\":\"Home\",\"item\":\"https:\/\/agtravelsoft.com\/hr\/\"},{\"@type\":\"ListItem\",\"position\":2,\"name\":\"Features\"}]},{\"@type\":\"WebSite\",\"@id\":\"https:\/\/agtravelsoft.com\/hr\/#website\",\"url\":\"https:\/\/agtravelsoft.com\/hr\/\",\"name\":\"AgTravelSoft\",\"description\":\"AgTravelSoft - web aplikacija za upravljanje turisti\u010dkom agencijom\",\"publisher\":{\"@id\":\"https:\/\/agtravelsoft.com\/hr\/#organization\"},\"potentialAction\":[{\"@type\":\"SearchAction\",\"target\":{\"@type\":\"EntryPoint\",\"urlTemplate\":\"https:\/\/agtravelsoft.com\/hr\/?s={search_term_string}\"},\"query-input\":{\"@type\":\"PropertyValueSpecification\",\"valueRequired\":true,\"valueName\":\"search_term_string\"}}],\"inLanguage\":\"hr\"},{\"@type\":\"Organization\",\"@id\":\"https:\/\/agtravelsoft.com\/hr\/#organization\",\"name\":\"Agtravelsoft\",\"url\":\"https:\/\/agtravelsoft.com\/hr\/\",\"logo\":{\"@type\":\"ImageObject\",\"inLanguage\":\"hr\",\"@id\":\"https:\/\/agtravelsoft.com\/hr\/#\/schema\/logo\/image\/\",\"url\":\"http:\/\/agtravelsoft.com\/wp-content\/uploads\/2018\/12\/vizitkarta-logo-agtravelsoft.png\",\"contentUrl\":\"http:\/\/agtravelsoft.com\/wp-content\/uploads\/2018\/12\/vizitkarta-logo-agtravelsoft.png\",\"width\":256,\"height\":78,\"caption\":\"Agtravelsoft\"},\"image\":{\"@id\":\"https:\/\/agtravelsoft.com\/hr\/#\/schema\/logo\/image\/\"}}]}<\/script>\n<!-- \/ Yoast SEO plugin. -->","yoast_head_json":{"title":"software for invoicing, contracting, booking, offers, analytics in tourism","description":"AgTravelSoft - software that helps you with your daily tasks, invoicing, contracting, and analytics of your tourist business, as well as booking and offers","robots":{"index":"index","follow":"follow","max-snippet":"max-snippet:-1","max-image-preview":"max-image-preview:large","max-video-preview":"max-video-preview:-1"},"canonical":"https:\/\/agtravelsoft.com\/hr\/features\/","og_locale":"hr_HR","og_type":"article","og_title":"software for invoicing, contracting, booking, offers, analytics in tourism","og_description":"AgTravelSoft - software that helps you with your daily tasks, invoicing, contracting, and analytics of your tourist business, as well as booking and offers","og_url":"https:\/\/agtravelsoft.com\/hr\/features\/","og_site_name":"AgTravelSoft","article_modified_time":"2019-01-21T16:32:42+00:00","twitter_card":"summary_large_image","twitter_misc":{"Procijenjeno vrijeme \u010ditanja":"2 minute"},"schema":{"@context":"https:\/\/schema.org","@graph":[{"@type":"WebPage","@id":"https:\/\/agtravelsoft.com\/hr\/features\/","url":"https:\/\/agtravelsoft.com\/hr\/features\/","name":"software for invoicing, contracting, booking, offers, analytics in tourism","isPartOf":{"@id":"https:\/\/agtravelsoft.com\/hr\/#website"},"datePublished":"2018-12-24T11:14:09+00:00","dateModified":"2019-01-21T16:32:42+00:00","description":"AgTravelSoft - software that helps you with your daily tasks, invoicing, contracting, and analytics of your tourist business, as well as booking and offers","breadcrumb":{"@id":"https:\/\/agtravelsoft.com\/hr\/features\/#breadcrumb"},"inLanguage":"hr","potentialAction":[{"@type":"ReadAction","target":[["https:\/\/agtravelsoft.com\/hr\/features\/"]]}]},{"@type":"BreadcrumbList","@id":"https:\/\/agtravelsoft.com\/hr\/features\/#breadcrumb","itemListElement":[{"@type":"ListItem","position":1,"name":"Home","item":"https:\/\/agtravelsoft.com\/hr\/"},{"@type":"ListItem","position":2,"name":"Features"}]},{"@type":"WebSite","@id":"https:\/\/agtravelsoft.com\/hr\/#website","url":"https:\/\/agtravelsoft.com\/hr\/","name":"AgTravelSoft","description":"AgTravelSoft - web aplikacija za upravljanje turisti\u010dkom agencijom","publisher":{"@id":"https:\/\/agtravelsoft.com\/hr\/#organization"},"potentialAction":[{"@type":"SearchAction","target":{"@type":"EntryPoint","urlTemplate":"https:\/\/agtravelsoft.com\/hr\/?s={search_term_string}"},"query-input":{"@type":"PropertyValueSpecification","valueRequired":true,"valueName":"search_term_string"}}],"inLanguage":"hr"},{"@type":"Organization","@id":"https:\/\/agtravelsoft.com\/hr\/#organization","name":"Agtravelsoft","url":"https:\/\/agtravelsoft.com\/hr\/","logo":{"@type":"ImageObject","inLanguage":"hr","@id":"https:\/\/agtravelsoft.com\/hr\/#\/schema\/logo\/image\/","url":"http:\/\/agtravelsoft.com\/wp-content\/uploads\/2018\/12\/vizitkarta-logo-agtravelsoft.png","contentUrl":"http:\/\/agtravelsoft.com\/wp-content\/uploads\/2018\/12\/vizitkarta-logo-agtravelsoft.png","width":256,"height":78,"caption":"Agtravelsoft"},"image":{"@id":"https:\/\/agtravelsoft.com\/hr\/#\/schema\/logo\/image\/"}}]}},"_links":{"self":[{"href":"https:\/\/agtravelsoft.com\/hr\/wp-json\/wp\/v2\/pages\/54","targetHints":{"allow":["GET"]}}],"collection":[{"href":"https:\/\/agtravelsoft.com\/hr\/wp-json\/wp\/v2\/pages"}],"about":[{"href":"https:\/\/agtravelsoft.com\/hr\/wp-json\/wp\/v2\/types\/page"}],"author":[{"embeddable":true,"href":"https:\/\/agtravelsoft.com\/hr\/wp-json\/wp\/v2\/users\/2"}],"replies":[{"embeddable":true,"href":"https:\/\/agtravelsoft.com\/hr\/wp-json\/wp\/v2\/comments?post=54"}],"version-history":[{"count":23,"href":"https:\/\/agtravelsoft.com\/hr\/wp-json\/wp\/v2\/pages\/54\/revisions"}],"predecessor-version":[{"id":380,"href":"https:\/\/agtravelsoft.com\/hr\/wp-json\/wp\/v2\/pages\/54\/revisions\/380"}],"wp:attachment":[{"href":"https:\/\/agtravelsoft.com\/hr\/wp-json\/wp\/v2\/media?parent=54"}],"curies":[{"name":"wp","href":"https:\/\/api.w.org\/{rel}","templated":true}]}}