{"id":53,"date":"2018-12-24T11:14:09","date_gmt":"2018-12-24T11:14:09","guid":{"rendered":"http:\/\/agtravelsoft.com\/?page_id=53"},"modified":"2019-01-21T16:16:59","modified_gmt":"2019-01-21T16:16:59","slug":"about","status":"publish","type":"page","link":"https:\/\/agtravelsoft.com\/hr\/about\/","title":{"rendered":"O AgTravelSoft-u"},"content":{"rendered":"<p>[et_pb_section bb_built=&#8221;1&#8243;][et_pb_row][et_pb_column type=&#8221;4_4&#8243;][et_pb_text _builder_version=&#8221;3.19.4&#8243;]<\/p>\n<h1>AgTravelSoft &#8211; potpuno opremljeni softver temeljen na \u2018oblaku\u2019 za turisti\u010dko poslovanje<\/h1>\n<p>[\/et_pb_text][\/et_pb_column][\/et_pb_row][et_pb_row][et_pb_column type=&#8221;4_4&#8243;][et_pb_text _builder_version=&#8221;3.19.4&#8243;]<\/p>\n<p>AgTravelSoft je nastao iz ideje o stvaranju potpuno opremljenog rje\u0161enja u \u2018oblaku\u2019 za upravljanje turisti\u010dkim poslovanjem. Imaju\u0107i veliko poslovno iskustvo u turizmu te jednako velikog iskustva u razvoju softvera iz Njema\u010dke, Izraela, Nizozemske, Norve\u0161ke, Velike Britanije i op\u0107enito diljem Europe, AgTravelSoft je softver s kojim se ne mogu natjecati nikakva druga softverska rje\u0161enja za upravljanje turisti\u010dkim poslovanjem.<\/p>\n<p>[\/et_pb_text][\/et_pb_column][\/et_pb_row][et_pb_row][et_pb_column type=&#8221;4_4&#8243;][et_pb_image _builder_version=&#8221;3.19.4&#8243; src=&#8221;http:\/\/agtravelsoft.com\/wp-content\/uploads\/2019\/01\/analytics-2156083.png&#8221; \/][\/et_pb_column][\/et_pb_row][et_pb_row][et_pb_column type=&#8221;4_4&#8243;][et_pb_text _builder_version=&#8221;3.19.4&#8243;]<\/p>\n<p>AgTravelSoft udovoljava razvijenim i upravljanim <strong>web stranicama za turisti\u010dko poslovanje<\/strong>. Ako vam Va\u0161a web stranica donosi mnogo korisnika, AgTravelSoft poma\u017ee upravljati njima i njihovim <strong>putnim aran\u017emanima (ugovori o putovanju, ulaznice i hotelski ra\u010duni, turisti\u010dki bonovi, itd)<\/strong>.<\/p>\n<p>Me\u0111utim, ako na Va\u0161oj web stranici nema dovoljno prometa, AgTravelSoft Vam omogu\u0107uje da na tr\u017ei\u0161tu plasirate smje\u0161taj koji nije Va\u0161 vlastiti i pobolj\u0161ate svoju ponudu.<\/p>\n<p>Ako tra\u017eite pomo\u0107 u vo\u0111enju turisti\u010dkog ureda, ne tra\u017eite vi\u0161e! AgTravelSoft je pravo rje\u0161enje za upravljanje turisti\u010dkim poslovanjem za Vas jer ima sve \u0161to vam je potrebno. Provjerite kako AgTravelSoft radi ono \u0161to radi, posjetom <a href=\"http:\/\/agtravelsoft.com\/features\/\">stranici na kojoj su obja\u0161njene korisne zna\u010dajke stvarne aplikacije za turizam.<\/a><\/p>\n<p>AgTravelSoft tim<\/p>\n<p>[\/et_pb_text][\/et_pb_column][\/et_pb_row][\/et_pb_section]<\/p>","protected":false},"excerpt":{"rendered":"<p><div class=\"et_pb_row et_pb_row_0 et_pb_row_empty\">\n\t\t\t\t\n\t\t\t\t\n\t\t\t\t\n\t\t\t\t\n\t\t\t\t\n\t\t\t<\/div> AgTravelSoft &#8211; potpuno opremljeni softver temeljen na \u2018oblaku\u2019 za turisti\u010dko poslovanje <div class=\"et_pb_row et_pb_row_1 et_pb_row_empty\">\n\t\t\t\t\n\t\t\t\t\n\t\t\t\t\n\t\t\t\t\n\t\t\t\t\n\t\t\t<\/div> AgTravelSoft je nastao iz ideje o stvaranju potpuno opremljenog rje\u0161enja u \u2018oblaku\u2019 za upravljanje turisti\u010dkim poslovanjem. Imaju\u0107i veliko poslovno iskustvo u turizmu te jednako velikog iskustva u razvoju softvera iz Njema\u010dke, Izraela, Nizozemske, Norve\u0161ke, Velike Britanije i op\u0107enito diljem Europe, AgTravelSoft je [&hellip;]<\/p>\n","protected":false},"author":2,"featured_media":0,"parent":0,"menu_order":0,"comment_status":"closed","ping_status":"closed","template":"","meta":{"_et_pb_use_builder":"on","_et_pb_old_content":"","_et_gb_content_width":"","footnotes":""},"class_list":["post-53","page","type-page","status-publish","hentry"],"yoast_head":"<!-- This site is optimized with the Yoast SEO plugin v27.1.1 - https:\/\/yoast.com\/product\/yoast-seo-wordpress\/ -->\n<title>organizatorska, subagentska, menad\u017eerska aplikacija za turisti\u010dke agencije<\/title>\n<meta name=\"description\" content=\"AgTravelSoft je organizatorska, subagentska, menad\u017eerska aplikacija za turisti\u010dke agencije, ali pogodna je i za upravljanje ponudom sme\u0161taja, booking, itd..\" \/>\n<meta name=\"robots\" content=\"index, follow, max-snippet:-1, max-image-preview:large, max-video-preview:-1\" \/>\n<link rel=\"canonical\" href=\"https:\/\/agtravelsoft.com\/hr\/about\/\" \/>\n<meta property=\"og:locale\" content=\"hr_HR\" \/>\n<meta property=\"og:type\" content=\"article\" \/>\n<meta property=\"og:title\" content=\"organizatorska, subagentska, menad\u017eerska aplikacija za turisti\u010dke agencije\" \/>\n<meta property=\"og:description\" content=\"AgTravelSoft je organizatorska, subagentska, menad\u017eerska aplikacija za turisti\u010dke agencije, ali pogodna je i za upravljanje ponudom sme\u0161taja, booking, itd..\" \/>\n<meta property=\"og:url\" content=\"https:\/\/agtravelsoft.com\/hr\/about\/\" \/>\n<meta property=\"og:site_name\" content=\"AgTravelSoft\" \/>\n<meta property=\"article:modified_time\" content=\"2019-01-21T16:16:59+00:00\" \/>\n<meta name=\"twitter:card\" content=\"summary_large_image\" \/>\n<meta name=\"twitter:label1\" content=\"Procijenjeno vrijeme \u010ditanja\" \/>\n\t<meta name=\"twitter:data1\" content=\"5 minuta\" \/>\n<script type=\"application\/ld+json\" class=\"yoast-schema-graph\">{\"@context\":\"https:\/\/schema.org\",\"@graph\":[{\"@type\":\"WebPage\",\"@id\":\"https:\/\/agtravelsoft.com\/hr\/about\/\",\"url\":\"https:\/\/agtravelsoft.com\/hr\/about\/\",\"name\":\"organizatorska, subagentska, menad\u017eerska aplikacija za turisti\u010dke agencije\",\"isPartOf\":{\"@id\":\"https:\/\/agtravelsoft.com\/hr\/#website\"},\"datePublished\":\"2018-12-24T11:14:09+00:00\",\"dateModified\":\"2019-01-21T16:16:59+00:00\",\"description\":\"AgTravelSoft je organizatorska, subagentska, menad\u017eerska aplikacija za turisti\u010dke agencije, ali pogodna je i za upravljanje ponudom sme\u0161taja, booking, itd..\",\"breadcrumb\":{\"@id\":\"https:\/\/agtravelsoft.com\/hr\/about\/#breadcrumb\"},\"inLanguage\":\"hr\",\"potentialAction\":[{\"@type\":\"ReadAction\",\"target\":[[\"https:\/\/agtravelsoft.com\/hr\/about\/\"]]}]},{\"@type\":\"BreadcrumbList\",\"@id\":\"https:\/\/agtravelsoft.com\/hr\/about\/#breadcrumb\",\"itemListElement\":[{\"@type\":\"ListItem\",\"position\":1,\"name\":\"Home\",\"item\":\"https:\/\/agtravelsoft.com\/hr\/\"},{\"@type\":\"ListItem\",\"position\":2,\"name\":\"O AgTravelSoft aplikaciji\"}]},{\"@type\":\"WebSite\",\"@id\":\"https:\/\/agtravelsoft.com\/hr\/#website\",\"url\":\"https:\/\/agtravelsoft.com\/hr\/\",\"name\":\"AgTravelSoft\",\"description\":\"AgTravelSoft - web aplikacija za upravljanje turisti\u010dkom agencijom\",\"publisher\":{\"@id\":\"https:\/\/agtravelsoft.com\/hr\/#organization\"},\"potentialAction\":[{\"@type\":\"SearchAction\",\"target\":{\"@type\":\"EntryPoint\",\"urlTemplate\":\"https:\/\/agtravelsoft.com\/hr\/?s={search_term_string}\"},\"query-input\":{\"@type\":\"PropertyValueSpecification\",\"valueRequired\":true,\"valueName\":\"search_term_string\"}}],\"inLanguage\":\"hr\"},{\"@type\":\"Organization\",\"@id\":\"https:\/\/agtravelsoft.com\/hr\/#organization\",\"name\":\"Agtravelsoft\",\"url\":\"https:\/\/agtravelsoft.com\/hr\/\",\"logo\":{\"@type\":\"ImageObject\",\"inLanguage\":\"hr\",\"@id\":\"https:\/\/agtravelsoft.com\/hr\/#\/schema\/logo\/image\/\",\"url\":\"http:\/\/agtravelsoft.com\/wp-content\/uploads\/2018\/12\/vizitkarta-logo-agtravelsoft.png\",\"contentUrl\":\"http:\/\/agtravelsoft.com\/wp-content\/uploads\/2018\/12\/vizitkarta-logo-agtravelsoft.png\",\"width\":256,\"height\":78,\"caption\":\"Agtravelsoft\"},\"image\":{\"@id\":\"https:\/\/agtravelsoft.com\/hr\/#\/schema\/logo\/image\/\"}}]}<\/script>\n<!-- \/ Yoast SEO plugin. -->","yoast_head_json":{"title":"organizatorska, subagentska, menad\u017eerska aplikacija za turisti\u010dke agencije","description":"AgTravelSoft je organizatorska, subagentska, menad\u017eerska aplikacija za turisti\u010dke agencije, ali pogodna je i za upravljanje ponudom sme\u0161taja, booking, itd..","robots":{"index":"index","follow":"follow","max-snippet":"max-snippet:-1","max-image-preview":"max-image-preview:large","max-video-preview":"max-video-preview:-1"},"canonical":"https:\/\/agtravelsoft.com\/hr\/about\/","og_locale":"hr_HR","og_type":"article","og_title":"organizatorska, subagentska, menad\u017eerska aplikacija za turisti\u010dke agencije","og_description":"AgTravelSoft je organizatorska, subagentska, menad\u017eerska aplikacija za turisti\u010dke agencije, ali pogodna je i za upravljanje ponudom sme\u0161taja, booking, itd..","og_url":"https:\/\/agtravelsoft.com\/hr\/about\/","og_site_name":"AgTravelSoft","article_modified_time":"2019-01-21T16:16:59+00:00","twitter_card":"summary_large_image","twitter_misc":{"Procijenjeno vrijeme \u010ditanja":"5 minuta"},"schema":{"@context":"https:\/\/schema.org","@graph":[{"@type":"WebPage","@id":"https:\/\/agtravelsoft.com\/hr\/about\/","url":"https:\/\/agtravelsoft.com\/hr\/about\/","name":"organizatorska, subagentska, menad\u017eerska aplikacija za turisti\u010dke agencije","isPartOf":{"@id":"https:\/\/agtravelsoft.com\/hr\/#website"},"datePublished":"2018-12-24T11:14:09+00:00","dateModified":"2019-01-21T16:16:59+00:00","description":"AgTravelSoft je organizatorska, subagentska, menad\u017eerska aplikacija za turisti\u010dke agencije, ali pogodna je i za upravljanje ponudom sme\u0161taja, booking, itd..","breadcrumb":{"@id":"https:\/\/agtravelsoft.com\/hr\/about\/#breadcrumb"},"inLanguage":"hr","potentialAction":[{"@type":"ReadAction","target":[["https:\/\/agtravelsoft.com\/hr\/about\/"]]}]},{"@type":"BreadcrumbList","@id":"https:\/\/agtravelsoft.com\/hr\/about\/#breadcrumb","itemListElement":[{"@type":"ListItem","position":1,"name":"Home","item":"https:\/\/agtravelsoft.com\/hr\/"},{"@type":"ListItem","position":2,"name":"O AgTravelSoft aplikaciji"}]},{"@type":"WebSite","@id":"https:\/\/agtravelsoft.com\/hr\/#website","url":"https:\/\/agtravelsoft.com\/hr\/","name":"AgTravelSoft","description":"AgTravelSoft - web aplikacija za upravljanje turisti\u010dkom agencijom","publisher":{"@id":"https:\/\/agtravelsoft.com\/hr\/#organization"},"potentialAction":[{"@type":"SearchAction","target":{"@type":"EntryPoint","urlTemplate":"https:\/\/agtravelsoft.com\/hr\/?s={search_term_string}"},"query-input":{"@type":"PropertyValueSpecification","valueRequired":true,"valueName":"search_term_string"}}],"inLanguage":"hr"},{"@type":"Organization","@id":"https:\/\/agtravelsoft.com\/hr\/#organization","name":"Agtravelsoft","url":"https:\/\/agtravelsoft.com\/hr\/","logo":{"@type":"ImageObject","inLanguage":"hr","@id":"https:\/\/agtravelsoft.com\/hr\/#\/schema\/logo\/image\/","url":"http:\/\/agtravelsoft.com\/wp-content\/uploads\/2018\/12\/vizitkarta-logo-agtravelsoft.png","contentUrl":"http:\/\/agtravelsoft.com\/wp-content\/uploads\/2018\/12\/vizitkarta-logo-agtravelsoft.png","width":256,"height":78,"caption":"Agtravelsoft"},"image":{"@id":"https:\/\/agtravelsoft.com\/hr\/#\/schema\/logo\/image\/"}}]}},"_links":{"self":[{"href":"https:\/\/agtravelsoft.com\/hr\/wp-json\/wp\/v2\/pages\/53","targetHints":{"allow":["GET"]}}],"collection":[{"href":"https:\/\/agtravelsoft.com\/hr\/wp-json\/wp\/v2\/pages"}],"about":[{"href":"https:\/\/agtravelsoft.com\/hr\/wp-json\/wp\/v2\/types\/page"}],"author":[{"embeddable":true,"href":"https:\/\/agtravelsoft.com\/hr\/wp-json\/wp\/v2\/users\/2"}],"replies":[{"embeddable":true,"href":"https:\/\/agtravelsoft.com\/hr\/wp-json\/wp\/v2\/comments?post=53"}],"version-history":[{"count":63,"href":"https:\/\/agtravelsoft.com\/hr\/wp-json\/wp\/v2\/pages\/53\/revisions"}],"predecessor-version":[{"id":378,"href":"https:\/\/agtravelsoft.com\/hr\/wp-json\/wp\/v2\/pages\/53\/revisions\/378"}],"wp:attachment":[{"href":"https:\/\/agtravelsoft.com\/hr\/wp-json\/wp\/v2\/media?parent=53"}],"curies":[{"name":"wp","href":"https:\/\/api.w.org\/{rel}","templated":true}]}}