{"id":173,"date":"2018-12-25T12:49:51","date_gmt":"2018-12-25T12:49:51","guid":{"rendered":"http:\/\/agtravelsoft.com\/?page_id=173"},"modified":"2022-03-01T13:01:42","modified_gmt":"2022-03-01T13:01:42","slug":"demo","status":"publish","type":"page","link":"https:\/\/agtravelsoft.com\/hr\/demo\/","title":{"rendered":"Demo"},"content":{"rendered":"<p>[et_pb_section fb_built=&#8221;1&#8243; _builder_version=&#8221;3.22&#8243; global_colors_info=&#8221;{}&#8221;][et_pb_row _builder_version=&#8221;3.25&#8243; background_size=&#8221;initial&#8221; background_position=&#8221;top_left&#8221; background_repeat=&#8221;repeat&#8221; global_colors_info=&#8221;{}&#8221;][et_pb_column type=&#8221;4_4&#8243; _builder_version=&#8221;3.25&#8243; custom_padding=&#8221;|||&#8221; global_colors_info=&#8221;{}&#8221; custom_padding__hover=&#8221;|||&#8221;][et_pb_text _builder_version=&#8221;3.27.4&#8243; global_colors_info=&#8221;{}&#8221;]<\/p>\n<h1>Want to know more about AgTravelSoft before purchasing?\u00a0 No problem!<\/h1>\n<p>[\/et_pb_text][\/et_pb_column][\/et_pb_row][et_pb_row _builder_version=&#8221;3.25&#8243; background_size=&#8221;initial&#8221; background_position=&#8221;top_left&#8221; background_repeat=&#8221;repeat&#8221; global_colors_info=&#8221;{}&#8221; column_structure=&#8221;1_3,2_3&#8243;][et_pb_column type=&#8221;1_3&#8243; _builder_version=&#8221;3.25&#8243; custom_padding=&#8221;|||&#8221; global_colors_info=&#8221;{}&#8221; custom_padding__hover=&#8221;|||&#8221;][et_pb_text _builder_version=&#8221;3.27.4&#8243; global_colors_info=&#8221;{}&#8221;]<\/p>\n<h3>Our DEMO is NOT A FILM!<br \/>Our DEMO is an APP!<\/h3>\n<p>[\/et_pb_text][et_pb_text _builder_version=&#8221;4.14.8&#8243; hover_enabled=&#8221;0&#8243; global_colors_info=&#8221;{}&#8221; sticky_enabled=&#8221;0&#8243;]<\/p>\n<p>Learn to use the best software for tourism<\/p>\n<p><strong>Step 1:<\/strong> Find us on Whatsup-Viber\u00a0 +381642253320<\/p>\n<p>[\/et_pb_text][et_pb_text _builder_version=&#8221;3.27.4&#8243; global_colors_info=&#8221;{}&#8221;]<\/p>\n<p><strong>Step 2:<\/strong> Drop us a line, present yourself briefly.<\/p>\n<p>[\/et_pb_text][et_pb_text _builder_version=&#8221;3.27.4&#8243; global_colors_info=&#8221;{}&#8221;]<\/p>\n<p><strong>Step 3:<\/strong> We will schedule an online demonstration, just for you. Once you see how it works \u2013 you\u2019ll love it.<\/p>\n<p>[\/et_pb_text][et_pb_text _builder_version=&#8221;3.27.4&#8243; global_colors_info=&#8221;{}&#8221;]<\/p>\n<p>We are available during the standard working hours from 08:00 until 16:00, GMT+1 (timezone of Berlin, Oslo, Prague, Bratislava, Budapest, Belgrade).<\/p>\n<p>[\/et_pb_text][\/et_pb_column][et_pb_column type=&#8221;2_3&#8243; _builder_version=&#8221;3.25&#8243; custom_padding=&#8221;|||&#8221; global_colors_info=&#8221;{}&#8221; custom_padding__hover=&#8221;|||&#8221;][et_pb_image src=&#8221;http:\/\/agtravelsoft.com\/wp-content\/uploads\/2019\/01\/film-640.jpg&#8221; align=&#8221;center&#8221; align_tablet=&#8221;center&#8221; align_last_edited=&#8221;on|desktop&#8221; _builder_version=&#8221;3.23&#8243; global_colors_info=&#8221;{}&#8221; align_phone=&#8221;center&#8221;][\/et_pb_image][\/et_pb_column][\/et_pb_row][\/et_pb_section][et_pb_section fb_built=&#8221;1&#8243; _builder_version=&#8221;3.22&#8243; global_colors_info=&#8221;{}&#8221;][et_pb_row _builder_version=&#8221;3.25&#8243; background_size=&#8221;initial&#8221; background_position=&#8221;top_left&#8221; background_repeat=&#8221;repeat&#8221; global_colors_info=&#8221;{}&#8221;][et_pb_column type=&#8221;4_4&#8243; _builder_version=&#8221;3.25&#8243; custom_padding=&#8221;|||&#8221; global_colors_info=&#8221;{}&#8221; custom_padding__hover=&#8221;|||&#8221;][et_pb_text _builder_version=&#8221;3.27.4&#8243; global_colors_info=&#8221;{}&#8221;]<\/p>\n<h1>\u017delite li da saznate vi\u0161e o aplikaciji za turisti\u010dke agencije AgTravelSoft?<\/h1>\n<p>[\/et_pb_text][\/et_pb_column][\/et_pb_row][et_pb_row _builder_version=&#8221;3.25&#8243; background_size=&#8221;initial&#8221; background_position=&#8221;top_left&#8221; background_repeat=&#8221;repeat&#8221; global_colors_info=&#8221;{}&#8221; column_structure=&#8221;1_3,2_3&#8243;][et_pb_column type=&#8221;1_3&#8243; _builder_version=&#8221;3.25&#8243; custom_padding=&#8221;|||&#8221; global_colors_info=&#8221;{}&#8221; custom_padding__hover=&#8221;|||&#8221;][et_pb_text _builder_version=&#8221;3.27.4&#8243; global_colors_info=&#8221;{}&#8221;]<\/p>\n<h3>Na\u0161a DEMO verzija NIJE FILM!<br \/>Na\u0161 DEMO mo\u017ee da se koristi!<\/h3>\n<p>[\/et_pb_text][et_pb_text _builder_version=&#8221;4.14.8&#8243; hover_enabled=&#8221;0&#8243; global_colors_info=&#8221;{}&#8221; sticky_enabled=&#8221;0&#8243;]<\/p>\n<p>Kompletan softver za vo\u0111enje turisti\u010dke agencije &#8211; isprobajte pre kupovine:<\/p>\n<p><b>Korak 1:<\/b> kontaktirajte nas +381642253320<\/p>\n<p>email: funtours@sezampro.rs<\/p>\n<p>[\/et_pb_text][et_pb_text _builder_version=&#8221;3.27.4&#8243; global_colors_info=&#8221;{}&#8221;]<\/p>\n<p><b>Korak 2:<\/b> Napi\u0161ite par re\u010di o sebi, predstavite se, da se upoznamo sa va\u0161om turisti\u010dkom agencijom.<\/p>\n<p>[\/et_pb_text][et_pb_text _builder_version=&#8221;3.27.4&#8243; global_colors_info=&#8221;{}&#8221;]<\/p>\n<p><b>Korak 3:<\/b> Zakaza\u0107emo online demonstraciju, samo za vas, 1 na 1. Kada vidite kako aplikacija radi, sigurni smo da \u0107ete po\u017eeleti da je koristite svakodnevno.<\/p>\n<p>[\/et_pb_text][et_pb_text _builder_version=&#8221;3.27.4&#8243; global_colors_info=&#8221;{}&#8221;]<\/p>\n<p>Dostupni smo svakog dana u uobi\u010dajeno radno vreme, od 08:00 do 16:00 (vremenska zona Beograd, Budimpe\u0161ta, Bratislava, Prag, Berlin, Oslo).<\/p>\n<p>[\/et_pb_text][\/et_pb_column][et_pb_column type=&#8221;2_3&#8243; _builder_version=&#8221;3.25&#8243; custom_padding=&#8221;|||&#8221; global_colors_info=&#8221;{}&#8221; custom_padding__hover=&#8221;|||&#8221;][et_pb_image src=&#8221;http:\/\/agtravelsoft.com\/wp-content\/uploads\/2019\/01\/film-640.jpg&#8221; align=&#8221;center&#8221; align_tablet=&#8221;center&#8221; align_last_edited=&#8221;on|desktop&#8221; _builder_version=&#8221;3.23&#8243; global_colors_info=&#8221;{}&#8221; align_phone=&#8221;center&#8221;][\/et_pb_image][\/et_pb_column][\/et_pb_row][\/et_pb_section][et_pb_section fb_built=&#8221;1&#8243; _builder_version=&#8221;3.22&#8243; global_colors_info=&#8221;{}&#8221;][et_pb_row _builder_version=&#8221;3.25&#8243; background_size=&#8221;initial&#8221; background_position=&#8221;top_left&#8221; background_repeat=&#8221;repeat&#8221; global_colors_info=&#8221;{}&#8221;][et_pb_column type=&#8221;4_4&#8243; _builder_version=&#8221;3.25&#8243; custom_padding=&#8221;|||&#8221; global_colors_info=&#8221;{}&#8221; custom_padding__hover=&#8221;|||&#8221;][et_pb_text _builder_version=&#8221;3.27.4&#8243; global_colors_info=&#8221;{}&#8221;]<\/p>\n<h1>\u017delite li saznati vi\u0161e o AgTravelSoft-u prije kupovine? Nema problema!<\/h1>\n<p>[\/et_pb_text][\/et_pb_column][\/et_pb_row][et_pb_row _builder_version=&#8221;3.25&#8243; background_size=&#8221;initial&#8221; background_position=&#8221;top_left&#8221; background_repeat=&#8221;repeat&#8221; global_colors_info=&#8221;{}&#8221; column_structure=&#8221;1_3,2_3&#8243;][et_pb_column type=&#8221;1_3&#8243; _builder_version=&#8221;3.25&#8243; custom_padding=&#8221;|||&#8221; global_colors_info=&#8221;{}&#8221; custom_padding__hover=&#8221;|||&#8221;][et_pb_text _builder_version=&#8221;3.27.4&#8243; global_colors_info=&#8221;{}&#8221;]<\/p>\n<h3>Na\u0161 DEMO NIJE FILM!<br \/>Na\u0161 DEMO je APLIKACIJA! <\/h3>\n<p>[\/et_pb_text][et_pb_text _builder_version=&#8221;4.14.8&#8243; hover_enabled=&#8221;0&#8243; global_colors_info=&#8221;{}&#8221; sticky_enabled=&#8221;0&#8243;]<\/p>\n<p>Nau\u010dite koristiti najbolji softver za turizam<\/p>\n<p><strong>Korak 1:<\/strong> Prona\u0111ite nas<\/p>\n<p>+381642253320<\/p>\n<p>email: funtours@sezampro.rs<\/p>\n<p>[\/et_pb_text][et_pb_text _builder_version=&#8221;3.27.4&#8243; global_colors_info=&#8221;{}&#8221;]<\/p>\n<p><strong>Korak 2:<\/strong> Po\u0161aljite nam poruku, kratko se predstavite.<\/p>\n<p>[\/et_pb_text][et_pb_text _builder_version=&#8221;3.27.4&#8243; global_colors_info=&#8221;{}&#8221;]<\/p>\n<p><strong>Korak 3:<\/strong> Zakazat \u0107emo online demonstraciju, samo za Vas. Kada vidite kako to funkcionira, svidjet \u0107e Vam se.<\/p>\n<p>[\/et_pb_text][et_pb_text _builder_version=&#8221;3.27.4&#8243; global_colors_info=&#8221;{}&#8221;]<\/p>\n<p>Dostupni smo tijekom standardnog radnog vremena od 08:00 do 16:00, GMT + 1 (zona Oslo, Berlin, Prag, Bratislava, Budimpe\u0161ta, Zagreb, Beograd)..<\/p>\n<p>[\/et_pb_text][\/et_pb_column][et_pb_column type=&#8221;2_3&#8243; _builder_version=&#8221;3.25&#8243; custom_padding=&#8221;|||&#8221; global_colors_info=&#8221;{}&#8221; custom_padding__hover=&#8221;|||&#8221;][et_pb_image src=&#8221;http:\/\/agtravelsoft.com\/wp-content\/uploads\/2019\/01\/film-640.jpg&#8221; align=&#8221;center&#8221; align_tablet=&#8221;center&#8221; align_last_edited=&#8221;on|desktop&#8221; _builder_version=&#8221;3.23&#8243; global_colors_info=&#8221;{}&#8221; align_phone=&#8221;center&#8221;][\/et_pb_image][\/et_pb_column][\/et_pb_row][\/et_pb_section][et_pb_section fb_built=&#8221;1&#8243; theme_builder_area=&#8221;post_content&#8221; _builder_version=&#8221;4.14.8&#8243; _module_preset=&#8221;default&#8221;][et_pb_row _builder_version=&#8221;4.14.8&#8243; _module_preset=&#8221;default&#8221; theme_builder_area=&#8221;post_content&#8221;][et_pb_column _builder_version=&#8221;4.14.8&#8243; _module_preset=&#8221;default&#8221; theme_builder_area=&#8221;post_content&#8221;][:en _i=&#8221;0&#8243; _address=&#8221;0&#8243; theme_builder_area=&#8221;post_content&#8221; \/][:RS _i=&#8221;2&#8243; _address=&#8221;2&#8243; theme_builder_area=&#8221;post_content&#8221; \/][:hr _i=&#8221;4&#8243; _address=&#8221;4&#8243; theme_builder_area=&#8221;post_content&#8221; \/][: _i=&#8221;6&#8243; _address=&#8221;6&#8243; theme_builder_area=&#8221;post_content&#8221; \/][\/et_pb_column][\/et_pb_row][\/et_pb_section]<\/p>\n","protected":false},"excerpt":{"rendered":"<p>Want to know more about AgTravelSoft before purchasing?\u00a0 No problem! Our DEMO is NOT A FILM!Our DEMO is an APP! Learn to use the best software for tourism Step 1: Find us on Whatsup-Viber\u00a0 +381642253320Step 2: Drop us a line, present yourself briefly. Step 3: We will schedule an online demonstration, just for you. Once [&hellip;]<\/p>\n","protected":false},"author":2,"featured_media":0,"parent":0,"menu_order":0,"comment_status":"closed","ping_status":"closed","template":"","meta":{"_et_pb_use_builder":"on","_et_pb_old_content":"","_et_gb_content_width":"","footnotes":""},"class_list":["post-173","page","type-page","status-publish","hentry"],"yoast_head":"<!-- This site is optimized with the Yoast SEO plugin v27.1.1 - https:\/\/yoast.com\/product\/yoast-seo-wordpress\/ -->\n<title>(English) real working learning demo of a software for tourist business management<\/title>\n<meta name=\"description\" content=\"(English) We create a user account and send you credentials to log in. Once you log in, you are in a DEMO company, where all functionalities are available to the full\" \/>\n<meta name=\"robots\" content=\"index, follow, max-snippet:-1, max-image-preview:large, max-video-preview:-1\" \/>\n<link rel=\"canonical\" href=\"https:\/\/agtravelsoft.com\/hr\/demo\/\" \/>\n<meta property=\"og:locale\" content=\"hr_HR\" \/>\n<meta property=\"og:type\" content=\"article\" \/>\n<meta property=\"og:title\" content=\"(English) real working learning demo of a software for tourist business management\" \/>\n<meta property=\"og:description\" content=\"(English) We create a user account and send you credentials to log in. Once you log in, you are in a DEMO company, where all functionalities are available to the full\" \/>\n<meta property=\"og:url\" content=\"https:\/\/agtravelsoft.com\/hr\/demo\/\" \/>\n<meta property=\"og:site_name\" content=\"AgTravelSoft\" \/>\n<meta property=\"article:modified_time\" content=\"2022-03-01T13:01:42+00:00\" \/>\n<meta name=\"twitter:card\" content=\"summary_large_image\" \/>\n<meta name=\"twitter:label1\" content=\"Procijenjeno vrijeme \u010ditanja\" \/>\n\t<meta name=\"twitter:data1\" content=\"5 minuta\" \/>\n<script type=\"application\/ld+json\" class=\"yoast-schema-graph\">{\"@context\":\"https:\/\/schema.org\",\"@graph\":[{\"@type\":\"WebPage\",\"@id\":\"https:\/\/agtravelsoft.com\/hr\/demo\/\",\"url\":\"https:\/\/agtravelsoft.com\/hr\/demo\/\",\"name\":\"(English) real working learning demo of a software for tourist business management\",\"isPartOf\":{\"@id\":\"https:\/\/agtravelsoft.com\/hr\/#website\"},\"datePublished\":\"2018-12-25T12:49:51+00:00\",\"dateModified\":\"2022-03-01T13:01:42+00:00\",\"description\":\"(English) We create a user account and send you credentials to log in. Once you log in, you are in a DEMO company, where all functionalities are available to the full\",\"breadcrumb\":{\"@id\":\"https:\/\/agtravelsoft.com\/hr\/demo\/#breadcrumb\"},\"inLanguage\":\"hr\",\"potentialAction\":[{\"@type\":\"ReadAction\",\"target\":[[\"https:\/\/agtravelsoft.com\/hr\/demo\/\"]]}]},{\"@type\":\"BreadcrumbList\",\"@id\":\"https:\/\/agtravelsoft.com\/hr\/demo\/#breadcrumb\",\"itemListElement\":[{\"@type\":\"ListItem\",\"position\":1,\"name\":\"Home\",\"item\":\"https:\/\/agtravelsoft.com\/hr\/\"},{\"@type\":\"ListItem\",\"position\":2,\"name\":\"Demo\"}]},{\"@type\":\"WebSite\",\"@id\":\"https:\/\/agtravelsoft.com\/hr\/#website\",\"url\":\"https:\/\/agtravelsoft.com\/hr\/\",\"name\":\"AgTravelSoft\",\"description\":\"AgTravelSoft - web aplikacija za upravljanje turisti\u010dkom agencijom\",\"publisher\":{\"@id\":\"https:\/\/agtravelsoft.com\/hr\/#organization\"},\"potentialAction\":[{\"@type\":\"SearchAction\",\"target\":{\"@type\":\"EntryPoint\",\"urlTemplate\":\"https:\/\/agtravelsoft.com\/hr\/?s={search_term_string}\"},\"query-input\":{\"@type\":\"PropertyValueSpecification\",\"valueRequired\":true,\"valueName\":\"search_term_string\"}}],\"inLanguage\":\"hr\"},{\"@type\":\"Organization\",\"@id\":\"https:\/\/agtravelsoft.com\/hr\/#organization\",\"name\":\"Agtravelsoft\",\"url\":\"https:\/\/agtravelsoft.com\/hr\/\",\"logo\":{\"@type\":\"ImageObject\",\"inLanguage\":\"hr\",\"@id\":\"https:\/\/agtravelsoft.com\/hr\/#\/schema\/logo\/image\/\",\"url\":\"http:\/\/agtravelsoft.com\/wp-content\/uploads\/2018\/12\/vizitkarta-logo-agtravelsoft.png\",\"contentUrl\":\"http:\/\/agtravelsoft.com\/wp-content\/uploads\/2018\/12\/vizitkarta-logo-agtravelsoft.png\",\"width\":256,\"height\":78,\"caption\":\"Agtravelsoft\"},\"image\":{\"@id\":\"https:\/\/agtravelsoft.com\/hr\/#\/schema\/logo\/image\/\"}}]}<\/script>\n<!-- \/ Yoast SEO plugin. -->","yoast_head_json":{"title":"(English) real working learning demo of a software for tourist business management","description":"(English) We create a user account and send you credentials to log in. Once you log in, you are in a DEMO company, where all functionalities are available to the full","robots":{"index":"index","follow":"follow","max-snippet":"max-snippet:-1","max-image-preview":"max-image-preview:large","max-video-preview":"max-video-preview:-1"},"canonical":"https:\/\/agtravelsoft.com\/hr\/demo\/","og_locale":"hr_HR","og_type":"article","og_title":"(English) real working learning demo of a software for tourist business management","og_description":"(English) We create a user account and send you credentials to log in. Once you log in, you are in a DEMO company, where all functionalities are available to the full","og_url":"https:\/\/agtravelsoft.com\/hr\/demo\/","og_site_name":"AgTravelSoft","article_modified_time":"2022-03-01T13:01:42+00:00","twitter_card":"summary_large_image","twitter_misc":{"Procijenjeno vrijeme \u010ditanja":"5 minuta"},"schema":{"@context":"https:\/\/schema.org","@graph":[{"@type":"WebPage","@id":"https:\/\/agtravelsoft.com\/hr\/demo\/","url":"https:\/\/agtravelsoft.com\/hr\/demo\/","name":"(English) real working learning demo of a software for tourist business management","isPartOf":{"@id":"https:\/\/agtravelsoft.com\/hr\/#website"},"datePublished":"2018-12-25T12:49:51+00:00","dateModified":"2022-03-01T13:01:42+00:00","description":"(English) We create a user account and send you credentials to log in. Once you log in, you are in a DEMO company, where all functionalities are available to the full","breadcrumb":{"@id":"https:\/\/agtravelsoft.com\/hr\/demo\/#breadcrumb"},"inLanguage":"hr","potentialAction":[{"@type":"ReadAction","target":[["https:\/\/agtravelsoft.com\/hr\/demo\/"]]}]},{"@type":"BreadcrumbList","@id":"https:\/\/agtravelsoft.com\/hr\/demo\/#breadcrumb","itemListElement":[{"@type":"ListItem","position":1,"name":"Home","item":"https:\/\/agtravelsoft.com\/hr\/"},{"@type":"ListItem","position":2,"name":"Demo"}]},{"@type":"WebSite","@id":"https:\/\/agtravelsoft.com\/hr\/#website","url":"https:\/\/agtravelsoft.com\/hr\/","name":"AgTravelSoft","description":"AgTravelSoft - web aplikacija za upravljanje turisti\u010dkom agencijom","publisher":{"@id":"https:\/\/agtravelsoft.com\/hr\/#organization"},"potentialAction":[{"@type":"SearchAction","target":{"@type":"EntryPoint","urlTemplate":"https:\/\/agtravelsoft.com\/hr\/?s={search_term_string}"},"query-input":{"@type":"PropertyValueSpecification","valueRequired":true,"valueName":"search_term_string"}}],"inLanguage":"hr"},{"@type":"Organization","@id":"https:\/\/agtravelsoft.com\/hr\/#organization","name":"Agtravelsoft","url":"https:\/\/agtravelsoft.com\/hr\/","logo":{"@type":"ImageObject","inLanguage":"hr","@id":"https:\/\/agtravelsoft.com\/hr\/#\/schema\/logo\/image\/","url":"http:\/\/agtravelsoft.com\/wp-content\/uploads\/2018\/12\/vizitkarta-logo-agtravelsoft.png","contentUrl":"http:\/\/agtravelsoft.com\/wp-content\/uploads\/2018\/12\/vizitkarta-logo-agtravelsoft.png","width":256,"height":78,"caption":"Agtravelsoft"},"image":{"@id":"https:\/\/agtravelsoft.com\/hr\/#\/schema\/logo\/image\/"}}]}},"_links":{"self":[{"href":"https:\/\/agtravelsoft.com\/hr\/wp-json\/wp\/v2\/pages\/173","targetHints":{"allow":["GET"]}}],"collection":[{"href":"https:\/\/agtravelsoft.com\/hr\/wp-json\/wp\/v2\/pages"}],"about":[{"href":"https:\/\/agtravelsoft.com\/hr\/wp-json\/wp\/v2\/types\/page"}],"author":[{"embeddable":true,"href":"https:\/\/agtravelsoft.com\/hr\/wp-json\/wp\/v2\/users\/2"}],"replies":[{"embeddable":true,"href":"https:\/\/agtravelsoft.com\/hr\/wp-json\/wp\/v2\/comments?post=173"}],"version-history":[{"count":31,"href":"https:\/\/agtravelsoft.com\/hr\/wp-json\/wp\/v2\/pages\/173\/revisions"}],"predecessor-version":[{"id":456,"href":"https:\/\/agtravelsoft.com\/hr\/wp-json\/wp\/v2\/pages\/173\/revisions\/456"}],"wp:attachment":[{"href":"https:\/\/agtravelsoft.com\/hr\/wp-json\/wp\/v2\/media?parent=173"}],"curies":[{"name":"wp","href":"https:\/\/api.w.org\/{rel}","templated":true}]}}