{"id":53,"date":"2018-12-24T11:14:09","date_gmt":"2018-12-24T11:14:09","guid":{"rendered":"http:\/\/agtravelsoft.com\/?page_id=53"},"modified":"2019-01-21T16:16:59","modified_gmt":"2019-01-21T16:16:59","slug":"about","status":"publish","type":"page","link":"https:\/\/agtravelsoft.com\/el\/about\/","title":{"rendered":"(English) About"},"content":{"rendered":"<p class=\"qtranxs-available-languages-message qtranxs-available-languages-message-el\">This page is available on English\/ Croatian \u03a3\u03c5\u03b3\u03b3\u03bd\u03ce\u03bc\u03b7,\u03b1\u03c5\u03c4\u03ae \u03b7 \u03b5\u03b3\u03b3\u03c1\u03b1\u03c6\u03ae \u03b5\u03af\u03bd\u03b1\u03b9 \u03b4\u03b9\u03b1\u03b8\u03ad\u03c3\u03b9\u03bc\u03b7 \u03bc\u03cc\u03bd\u03bf \u03c3\u03c4\u03b1 <a href=\"https:\/\/agtravelsoft.com\/en\/wp-json\/wp\/v2\/pages\/53\" class=\"qtranxs-available-language-link qtranxs-available-language-link-en\" title=\"English\">English<\/a>, <a href=\"https:\/\/agtravelsoft.com\/RS\/wp-json\/wp\/v2\/pages\/53\" class=\"qtranxs-available-language-link qtranxs-available-language-link-RS\" title=\"Srpski\">Srpski<\/a> \u03ba\u03b1\u03b9 <a href=\"https:\/\/agtravelsoft.com\/hr\/wp-json\/wp\/v2\/pages\/53\" class=\"qtranxs-available-language-link qtranxs-available-language-link-hr\" title=\"Hrvatski\">Hrvatski<\/a>.<\/p>","protected":false},"excerpt":{"rendered":"<p>This page is available on English\/ Croatian \u03a3\u03c5\u03b3\u03b3\u03bd\u03ce\u03bc\u03b7,\u03b1\u03c5\u03c4\u03ae \u03b7 \u03b5\u03b3\u03b3\u03c1\u03b1\u03c6\u03ae \u03b5\u03af\u03bd\u03b1\u03b9 \u03b4\u03b9\u03b1\u03b8\u03ad\u03c3\u03b9\u03bc\u03b7 \u03bc\u03cc\u03bd\u03bf \u03c3\u03c4\u03b1 English, Srpski \u03ba\u03b1\u03b9 Hrvatski.<\/p>\n","protected":false},"author":2,"featured_media":0,"parent":0,"menu_order":0,"comment_status":"closed","ping_status":"closed","template":"","meta":{"_et_pb_use_builder":"on","_et_pb_old_content":"","_et_gb_content_width":"","footnotes":""},"class_list":["post-53","page","type-page","status-publish","hentry"],"yoast_head":"<!-- This site is optimized with the Yoast SEO plugin v27.1.1 - https:\/\/yoast.com\/product\/yoast-seo-wordpress\/ -->\n<title>organizatorska, subagentska, menad\u017eerska aplikacija za turisti\u010dke agencije<\/title>\n<meta name=\"description\" content=\"AgTravelSoft je organizatorska, subagentska, menad\u017eerska aplikacija za turisti\u010dke agencije, ali pogodna je i za upravljanje ponudom sme\u0161taja, booking, itd..\" \/>\n<meta name=\"robots\" content=\"index, follow, max-snippet:-1, max-image-preview:large, max-video-preview:-1\" \/>\n<link rel=\"canonical\" href=\"https:\/\/agtravelsoft.com\/el\/about\/\" \/>\n<meta property=\"og:locale\" content=\"el_GR\" \/>\n<meta property=\"og:type\" content=\"article\" \/>\n<meta property=\"og:title\" content=\"organizatorska, subagentska, menad\u017eerska aplikacija za turisti\u010dke agencije\" \/>\n<meta property=\"og:description\" content=\"AgTravelSoft je organizatorska, subagentska, menad\u017eerska aplikacija za turisti\u010dke agencije, ali pogodna je i za upravljanje ponudom sme\u0161taja, booking, itd..\" \/>\n<meta property=\"og:url\" content=\"https:\/\/agtravelsoft.com\/el\/about\/\" \/>\n<meta property=\"og:site_name\" content=\"AgTravelSoft\" \/>\n<meta property=\"article:modified_time\" content=\"2019-01-21T16:16:59+00:00\" \/>\n<meta name=\"twitter:card\" content=\"summary_large_image\" \/>\n<meta name=\"twitter:label1\" content=\"\u0395\u03ba\u03c4\u03b9\u03bc\u03ce\u03bc\u03b5\u03bd\u03bf\u03c2 \u03c7\u03c1\u03cc\u03bd\u03bf\u03c2 \u03b1\u03bd\u03ac\u03b3\u03bd\u03c9\u03c3\u03b7\u03c2\" \/>\n\t<meta name=\"twitter:data1\" content=\"5 \u03bb\u03b5\u03c0\u03c4\u03ac\" \/>\n<script type=\"application\/ld+json\" class=\"yoast-schema-graph\">{\"@context\":\"https:\/\/schema.org\",\"@graph\":[{\"@type\":\"WebPage\",\"@id\":\"https:\/\/agtravelsoft.com\/el\/about\/\",\"url\":\"https:\/\/agtravelsoft.com\/el\/about\/\",\"name\":\"organizatorska, subagentska, menad\u017eerska aplikacija za turisti\u010dke agencije\",\"isPartOf\":{\"@id\":\"https:\/\/agtravelsoft.com\/el\/#website\"},\"datePublished\":\"2018-12-24T11:14:09+00:00\",\"dateModified\":\"2019-01-21T16:16:59+00:00\",\"description\":\"AgTravelSoft je organizatorska, subagentska, menad\u017eerska aplikacija za turisti\u010dke agencije, ali pogodna je i za upravljanje ponudom sme\u0161taja, booking, itd..\",\"breadcrumb\":{\"@id\":\"https:\/\/agtravelsoft.com\/el\/about\/#breadcrumb\"},\"inLanguage\":\"el\",\"potentialAction\":[{\"@type\":\"ReadAction\",\"target\":[[\"https:\/\/agtravelsoft.com\/el\/about\/\"]]}]},{\"@type\":\"BreadcrumbList\",\"@id\":\"https:\/\/agtravelsoft.com\/el\/about\/#breadcrumb\",\"itemListElement\":[{\"@type\":\"ListItem\",\"position\":1,\"name\":\"Home\",\"item\":\"https:\/\/agtravelsoft.com\/el\/\"},{\"@type\":\"ListItem\",\"position\":2,\"name\":\"O AgTravelSoft aplikaciji\"}]},{\"@type\":\"WebSite\",\"@id\":\"https:\/\/agtravelsoft.com\/el\/#website\",\"url\":\"https:\/\/agtravelsoft.com\/el\/\",\"name\":\"AgTravelSoft\",\"description\":\"AgTravelSoft - web aplikacija za upravljanje turisti\u010dkom agencijom\",\"publisher\":{\"@id\":\"https:\/\/agtravelsoft.com\/el\/#organization\"},\"potentialAction\":[{\"@type\":\"SearchAction\",\"target\":{\"@type\":\"EntryPoint\",\"urlTemplate\":\"https:\/\/agtravelsoft.com\/el\/?s={search_term_string}\"},\"query-input\":{\"@type\":\"PropertyValueSpecification\",\"valueRequired\":true,\"valueName\":\"search_term_string\"}}],\"inLanguage\":\"el\"},{\"@type\":\"Organization\",\"@id\":\"https:\/\/agtravelsoft.com\/el\/#organization\",\"name\":\"Agtravelsoft\",\"url\":\"https:\/\/agtravelsoft.com\/el\/\",\"logo\":{\"@type\":\"ImageObject\",\"inLanguage\":\"el\",\"@id\":\"https:\/\/agtravelsoft.com\/el\/#\/schema\/logo\/image\/\",\"url\":\"http:\/\/agtravelsoft.com\/wp-content\/uploads\/2018\/12\/vizitkarta-logo-agtravelsoft.png\",\"contentUrl\":\"http:\/\/agtravelsoft.com\/wp-content\/uploads\/2018\/12\/vizitkarta-logo-agtravelsoft.png\",\"width\":256,\"height\":78,\"caption\":\"Agtravelsoft\"},\"image\":{\"@id\":\"https:\/\/agtravelsoft.com\/el\/#\/schema\/logo\/image\/\"}}]}<\/script>\n<!-- \/ Yoast SEO plugin. -->","yoast_head_json":{"title":"organizatorska, subagentska, menad\u017eerska aplikacija za turisti\u010dke agencije","description":"AgTravelSoft je organizatorska, subagentska, menad\u017eerska aplikacija za turisti\u010dke agencije, ali pogodna je i za upravljanje ponudom sme\u0161taja, booking, itd..","robots":{"index":"index","follow":"follow","max-snippet":"max-snippet:-1","max-image-preview":"max-image-preview:large","max-video-preview":"max-video-preview:-1"},"canonical":"https:\/\/agtravelsoft.com\/el\/about\/","og_locale":"el_GR","og_type":"article","og_title":"organizatorska, subagentska, menad\u017eerska aplikacija za turisti\u010dke agencije","og_description":"AgTravelSoft je organizatorska, subagentska, menad\u017eerska aplikacija za turisti\u010dke agencije, ali pogodna je i za upravljanje ponudom sme\u0161taja, booking, itd..","og_url":"https:\/\/agtravelsoft.com\/el\/about\/","og_site_name":"AgTravelSoft","article_modified_time":"2019-01-21T16:16:59+00:00","twitter_card":"summary_large_image","twitter_misc":{"\u0395\u03ba\u03c4\u03b9\u03bc\u03ce\u03bc\u03b5\u03bd\u03bf\u03c2 \u03c7\u03c1\u03cc\u03bd\u03bf\u03c2 \u03b1\u03bd\u03ac\u03b3\u03bd\u03c9\u03c3\u03b7\u03c2":"5 \u03bb\u03b5\u03c0\u03c4\u03ac"},"schema":{"@context":"https:\/\/schema.org","@graph":[{"@type":"WebPage","@id":"https:\/\/agtravelsoft.com\/el\/about\/","url":"https:\/\/agtravelsoft.com\/el\/about\/","name":"organizatorska, subagentska, menad\u017eerska aplikacija za turisti\u010dke agencije","isPartOf":{"@id":"https:\/\/agtravelsoft.com\/el\/#website"},"datePublished":"2018-12-24T11:14:09+00:00","dateModified":"2019-01-21T16:16:59+00:00","description":"AgTravelSoft je organizatorska, subagentska, menad\u017eerska aplikacija za turisti\u010dke agencije, ali pogodna je i za upravljanje ponudom sme\u0161taja, booking, itd..","breadcrumb":{"@id":"https:\/\/agtravelsoft.com\/el\/about\/#breadcrumb"},"inLanguage":"el","potentialAction":[{"@type":"ReadAction","target":[["https:\/\/agtravelsoft.com\/el\/about\/"]]}]},{"@type":"BreadcrumbList","@id":"https:\/\/agtravelsoft.com\/el\/about\/#breadcrumb","itemListElement":[{"@type":"ListItem","position":1,"name":"Home","item":"https:\/\/agtravelsoft.com\/el\/"},{"@type":"ListItem","position":2,"name":"O AgTravelSoft aplikaciji"}]},{"@type":"WebSite","@id":"https:\/\/agtravelsoft.com\/el\/#website","url":"https:\/\/agtravelsoft.com\/el\/","name":"AgTravelSoft","description":"AgTravelSoft - web aplikacija za upravljanje turisti\u010dkom agencijom","publisher":{"@id":"https:\/\/agtravelsoft.com\/el\/#organization"},"potentialAction":[{"@type":"SearchAction","target":{"@type":"EntryPoint","urlTemplate":"https:\/\/agtravelsoft.com\/el\/?s={search_term_string}"},"query-input":{"@type":"PropertyValueSpecification","valueRequired":true,"valueName":"search_term_string"}}],"inLanguage":"el"},{"@type":"Organization","@id":"https:\/\/agtravelsoft.com\/el\/#organization","name":"Agtravelsoft","url":"https:\/\/agtravelsoft.com\/el\/","logo":{"@type":"ImageObject","inLanguage":"el","@id":"https:\/\/agtravelsoft.com\/el\/#\/schema\/logo\/image\/","url":"http:\/\/agtravelsoft.com\/wp-content\/uploads\/2018\/12\/vizitkarta-logo-agtravelsoft.png","contentUrl":"http:\/\/agtravelsoft.com\/wp-content\/uploads\/2018\/12\/vizitkarta-logo-agtravelsoft.png","width":256,"height":78,"caption":"Agtravelsoft"},"image":{"@id":"https:\/\/agtravelsoft.com\/el\/#\/schema\/logo\/image\/"}}]}},"_links":{"self":[{"href":"https:\/\/agtravelsoft.com\/el\/wp-json\/wp\/v2\/pages\/53","targetHints":{"allow":["GET"]}}],"collection":[{"href":"https:\/\/agtravelsoft.com\/el\/wp-json\/wp\/v2\/pages"}],"about":[{"href":"https:\/\/agtravelsoft.com\/el\/wp-json\/wp\/v2\/types\/page"}],"author":[{"embeddable":true,"href":"https:\/\/agtravelsoft.com\/el\/wp-json\/wp\/v2\/users\/2"}],"replies":[{"embeddable":true,"href":"https:\/\/agtravelsoft.com\/el\/wp-json\/wp\/v2\/comments?post=53"}],"version-history":[{"count":63,"href":"https:\/\/agtravelsoft.com\/el\/wp-json\/wp\/v2\/pages\/53\/revisions"}],"predecessor-version":[{"id":378,"href":"https:\/\/agtravelsoft.com\/el\/wp-json\/wp\/v2\/pages\/53\/revisions\/378"}],"wp:attachment":[{"href":"https:\/\/agtravelsoft.com\/el\/wp-json\/wp\/v2\/media?parent=53"}],"curies":[{"name":"wp","href":"https:\/\/api.w.org\/{rel}","templated":true}]}}