{"id":54,"date":"2018-12-24T11:14:09","date_gmt":"2018-12-24T11:14:09","guid":{"rendered":"http:\/\/agtravelsoft.com\/?page_id=54"},"modified":"2019-01-21T16:32:42","modified_gmt":"2019-01-21T16:32:42","slug":"features","status":"publish","type":"page","link":"https:\/\/agtravelsoft.com\/RS\/features\/","title":{"rendered":"Features"},"content":{"rendered":"<p>[et_pb_section bb_built=&#8221;1&#8243;][et_pb_row][et_pb_column type=&#8221;4_4&#8243;][et_pb_text _builder_version=&#8221;3.19.2&#8243;]<\/p>\n<h1>Karakteristike<\/h1>\n<p>[\/et_pb_text][\/et_pb_column][\/et_pb_row][et_pb_row][et_pb_column type=&#8221;4_4&#8243;][et_pb_text _builder_version=&#8221;3.19.2&#8243;]<\/p>\n<p>&nbsp;<\/p>\n<p>AgTravelSoft aplikacija za vo\u0111enje turisti\u010dkog biznisa obiluje naprednim karakteristikama i funkcijama.\u00a0 Prilikom stvaranja aplikacije, vo\u0111eno je ra\u010duna da klikovi i operacije koje su u ovom programu za vo\u0111enje turisti\u010dkog biznisa izvr\u0161avaju, prate logiku stvarnog procesa biznisa u turizmu.\u00a0 Ispod smo vam naveli samo neke od ovih krajnje korisnih i olak\u0161avaju\u0107ih karakteristika.<\/p>\n<p>[\/et_pb_text][\/et_pb_column][\/et_pb_row][et_pb_row][et_pb_column type=&#8221;2_3&#8243;][et_pb_text _builder_version=&#8221;3.19.2&#8243;]<\/p>\n<ul>\n<li>definisanje <strong>organizatora, subagenata i kupaca<\/strong> samo jednom i nikad vi\u0161e &#8211; sistem ih pamti zauvek;<\/li>\n<li><strong>organizator mo\u017ee biti i subagent i obrnuto<\/strong> &#8211; sistem je izuzetno pogodan za <strong>kombinovane turisti\u010dke biznise<\/strong>;<\/li>\n<li>generisanje&nbsp; <strong>ugovora o putovanju &#8220;na klik&#8221;<\/strong>, kao i&nbsp;finansijskih dokumenata, bilo iz ugovora ili samostalno;<\/li>\n<li><strong>prilago\u0111enost lokalnom zakonodavstvu<\/strong>;<\/li>\n<li><strong>interni booking<\/strong> &#8211; horizontalna email komunikacija izme\u0111u organizatora i njegovih subagenata;<\/li>\n<li><strong>prekograni\u010dna saradnja u turizmu<\/strong> i multijezi\u010dnost;<\/li>\n<li>mogu\u0107nost da sami <strong>kreirate turisti\u010dke i poslovne izve\u0161taje<\/strong> spram svojih potreba i jo\u0161 mnogo toga&#8230;<\/li>\n<\/ul>\n<p>[\/et_pb_text][\/et_pb_column][et_pb_column type=&#8221;1_3&#8243;][et_pb_image _builder_version=&#8221;3.19.2&#8243; src=&#8221;http:\/\/agtravelsoft.com\/wp-content\/uploads\/2019\/01\/board-1364652_640.jpg&#8221; \/][\/et_pb_column][\/et_pb_row][et_pb_row][et_pb_column type=&#8221;4_4&#8243;][et_pb_text _builder_version=&#8221;3.19.2&#8243;]<\/p>\n<p>Sada bi trebalo da vam je jasno za\u0161to AgTravelSoft postoji du\u017ee od 10 godina i ima korisnike u vi\u0161e od 5 zemalja.\u00a0 Ukoliko vas zanima da probate kako radi AgTravelSoft, pozovite <em><strong>064 657 617 8<\/strong><\/em> ili <em><strong>064 225 3320<\/strong><\/em> ili pogledajte stranicu <a href=\"http:\/\/agtravelsoft.com\/RS\/demo\/\"><em><strong>DEMO<\/strong><\/em><\/a>, na kojoj mo\u017eete videti kako se <strong>isprobava i ve\u017eba kori\u0161\u0107enje AgTravelSoft aplikacije<\/strong>!\u00a0 Ukoliko ste ve\u0107 sada sigurni da je AgTravelSoft pravi program za vo\u0111enje i va\u0161e turisti\u010dke agencije ili druge vrste biznisa u turizmu, po\u0161aljite nam upit putem na\u0161e <em><strong><a href=\"http:\/\/agtravelsoft.com\/RS\/contact\/\">kontakt stranice<\/a><\/strong><\/em>.<\/p>\n<p>[\/et_pb_text][\/et_pb_column][\/et_pb_row][\/et_pb_section]<\/p>","protected":false},"excerpt":{"rendered":"<p><div class=\"et_pb_row et_pb_row_0 et_pb_row_empty\">\n\t\t\t\t\n\t\t\t\t\n\t\t\t\t\n\t\t\t\t\n\t\t\t\t\n\t\t\t<\/div> Karakteristike <div class=\"et_pb_row et_pb_row_1 et_pb_row_empty\">\n\t\t\t\t\n\t\t\t\t\n\t\t\t\t\n\t\t\t\t\n\t\t\t\t\n\t\t\t<\/div> &nbsp; AgTravelSoft aplikacija za vo\u0111enje turisti\u010dkog biznisa obiluje naprednim karakteristikama i funkcijama.\u00a0 Prilikom stvaranja aplikacije, vo\u0111eno je ra\u010duna da klikovi i operacije koje su u ovom programu za vo\u0111enje turisti\u010dkog biznisa izvr\u0161avaju, prate logiku stvarnog procesa biznisa u turizmu.\u00a0 Ispod smo vam naveli samo neke od ovih krajnje korisnih i olak\u0161avaju\u0107ih karakteristika. [&hellip;]<\/p>\n","protected":false},"author":2,"featured_media":0,"parent":0,"menu_order":0,"comment_status":"closed","ping_status":"closed","template":"","meta":{"_et_pb_use_builder":"on","_et_pb_old_content":"","_et_gb_content_width":"","footnotes":""},"class_list":["post-54","page","type-page","status-publish","hentry"],"yoast_head":"<!-- This site is optimized with the Yoast SEO plugin v27.1.1 - https:\/\/yoast.com\/product\/yoast-seo-wordpress\/ -->\n<title>software for invoicing, contracting, booking, offers, analytics in tourism<\/title>\n<meta name=\"description\" content=\"AgTravelSoft - software that helps you with your daily tasks, invoicing, contracting, and analytics of your tourist business, as well as booking and offers\" \/>\n<meta name=\"robots\" content=\"index, follow, max-snippet:-1, max-image-preview:large, max-video-preview:-1\" \/>\n<link rel=\"canonical\" href=\"https:\/\/agtravelsoft.com\/RS\/features\/\" \/>\n<meta property=\"og:locale\" content=\"en_US\" \/>\n<meta property=\"og:type\" content=\"article\" \/>\n<meta property=\"og:title\" content=\"software for invoicing, contracting, booking, offers, analytics in tourism\" \/>\n<meta property=\"og:description\" content=\"AgTravelSoft - software that helps you with your daily tasks, invoicing, contracting, and analytics of your tourist business, as well as booking and offers\" \/>\n<meta property=\"og:url\" content=\"https:\/\/agtravelsoft.com\/RS\/features\/\" \/>\n<meta property=\"og:site_name\" content=\"AgTravelSoft\" \/>\n<meta property=\"article:modified_time\" content=\"2019-01-21T16:32:42+00:00\" \/>\n<meta name=\"twitter:card\" content=\"summary_large_image\" \/>\n<meta name=\"twitter:label1\" content=\"Est. reading time\" \/>\n\t<meta name=\"twitter:data1\" content=\"2 minutes\" \/>\n<script type=\"application\/ld+json\" class=\"yoast-schema-graph\">{\"@context\":\"https:\/\/schema.org\",\"@graph\":[{\"@type\":\"WebPage\",\"@id\":\"https:\/\/agtravelsoft.com\/RS\/features\/\",\"url\":\"https:\/\/agtravelsoft.com\/RS\/features\/\",\"name\":\"software for invoicing, contracting, booking, offers, analytics in tourism\",\"isPartOf\":{\"@id\":\"https:\/\/agtravelsoft.com\/RS\/#website\"},\"datePublished\":\"2018-12-24T11:14:09+00:00\",\"dateModified\":\"2019-01-21T16:32:42+00:00\",\"description\":\"AgTravelSoft - software that helps you with your daily tasks, invoicing, contracting, and analytics of your tourist business, as well as booking and offers\",\"breadcrumb\":{\"@id\":\"https:\/\/agtravelsoft.com\/RS\/features\/#breadcrumb\"},\"inLanguage\":\"rs-RS\",\"potentialAction\":[{\"@type\":\"ReadAction\",\"target\":[[\"https:\/\/agtravelsoft.com\/RS\/features\/\"]]}]},{\"@type\":\"BreadcrumbList\",\"@id\":\"https:\/\/agtravelsoft.com\/RS\/features\/#breadcrumb\",\"itemListElement\":[{\"@type\":\"ListItem\",\"position\":1,\"name\":\"Home\",\"item\":\"https:\/\/agtravelsoft.com\/RS\/\"},{\"@type\":\"ListItem\",\"position\":2,\"name\":\"Features\"}]},{\"@type\":\"WebSite\",\"@id\":\"https:\/\/agtravelsoft.com\/RS\/#website\",\"url\":\"https:\/\/agtravelsoft.com\/RS\/\",\"name\":\"AgTravelSoft\",\"description\":\"AgTravelSoft - web aplikacija za upravljanje turisti\u010dkom agencijom\",\"publisher\":{\"@id\":\"https:\/\/agtravelsoft.com\/RS\/#organization\"},\"potentialAction\":[{\"@type\":\"SearchAction\",\"target\":{\"@type\":\"EntryPoint\",\"urlTemplate\":\"https:\/\/agtravelsoft.com\/RS\/?s={search_term_string}\"},\"query-input\":{\"@type\":\"PropertyValueSpecification\",\"valueRequired\":true,\"valueName\":\"search_term_string\"}}],\"inLanguage\":\"rs-RS\"},{\"@type\":\"Organization\",\"@id\":\"https:\/\/agtravelsoft.com\/RS\/#organization\",\"name\":\"Agtravelsoft\",\"url\":\"https:\/\/agtravelsoft.com\/RS\/\",\"logo\":{\"@type\":\"ImageObject\",\"inLanguage\":\"rs-RS\",\"@id\":\"https:\/\/agtravelsoft.com\/RS\/#\/schema\/logo\/image\/\",\"url\":\"http:\/\/agtravelsoft.com\/wp-content\/uploads\/2018\/12\/vizitkarta-logo-agtravelsoft.png\",\"contentUrl\":\"http:\/\/agtravelsoft.com\/wp-content\/uploads\/2018\/12\/vizitkarta-logo-agtravelsoft.png\",\"width\":256,\"height\":78,\"caption\":\"Agtravelsoft\"},\"image\":{\"@id\":\"https:\/\/agtravelsoft.com\/RS\/#\/schema\/logo\/image\/\"}}]}<\/script>\n<!-- \/ Yoast SEO plugin. -->","yoast_head_json":{"title":"software for invoicing, contracting, booking, offers, analytics in tourism","description":"AgTravelSoft - software that helps you with your daily tasks, invoicing, contracting, and analytics of your tourist business, as well as booking and offers","robots":{"index":"index","follow":"follow","max-snippet":"max-snippet:-1","max-image-preview":"max-image-preview:large","max-video-preview":"max-video-preview:-1"},"canonical":"https:\/\/agtravelsoft.com\/RS\/features\/","og_locale":"en_US","og_type":"article","og_title":"software for invoicing, contracting, booking, offers, analytics in tourism","og_description":"AgTravelSoft - software that helps you with your daily tasks, invoicing, contracting, and analytics of your tourist business, as well as booking and offers","og_url":"https:\/\/agtravelsoft.com\/RS\/features\/","og_site_name":"AgTravelSoft","article_modified_time":"2019-01-21T16:32:42+00:00","twitter_card":"summary_large_image","twitter_misc":{"Est. reading time":"2 minutes"},"schema":{"@context":"https:\/\/schema.org","@graph":[{"@type":"WebPage","@id":"https:\/\/agtravelsoft.com\/RS\/features\/","url":"https:\/\/agtravelsoft.com\/RS\/features\/","name":"software for invoicing, contracting, booking, offers, analytics in tourism","isPartOf":{"@id":"https:\/\/agtravelsoft.com\/RS\/#website"},"datePublished":"2018-12-24T11:14:09+00:00","dateModified":"2019-01-21T16:32:42+00:00","description":"AgTravelSoft - software that helps you with your daily tasks, invoicing, contracting, and analytics of your tourist business, as well as booking and offers","breadcrumb":{"@id":"https:\/\/agtravelsoft.com\/RS\/features\/#breadcrumb"},"inLanguage":"rs-RS","potentialAction":[{"@type":"ReadAction","target":[["https:\/\/agtravelsoft.com\/RS\/features\/"]]}]},{"@type":"BreadcrumbList","@id":"https:\/\/agtravelsoft.com\/RS\/features\/#breadcrumb","itemListElement":[{"@type":"ListItem","position":1,"name":"Home","item":"https:\/\/agtravelsoft.com\/RS\/"},{"@type":"ListItem","position":2,"name":"Features"}]},{"@type":"WebSite","@id":"https:\/\/agtravelsoft.com\/RS\/#website","url":"https:\/\/agtravelsoft.com\/RS\/","name":"AgTravelSoft","description":"AgTravelSoft - web aplikacija za upravljanje turisti\u010dkom agencijom","publisher":{"@id":"https:\/\/agtravelsoft.com\/RS\/#organization"},"potentialAction":[{"@type":"SearchAction","target":{"@type":"EntryPoint","urlTemplate":"https:\/\/agtravelsoft.com\/RS\/?s={search_term_string}"},"query-input":{"@type":"PropertyValueSpecification","valueRequired":true,"valueName":"search_term_string"}}],"inLanguage":"rs-RS"},{"@type":"Organization","@id":"https:\/\/agtravelsoft.com\/RS\/#organization","name":"Agtravelsoft","url":"https:\/\/agtravelsoft.com\/RS\/","logo":{"@type":"ImageObject","inLanguage":"rs-RS","@id":"https:\/\/agtravelsoft.com\/RS\/#\/schema\/logo\/image\/","url":"http:\/\/agtravelsoft.com\/wp-content\/uploads\/2018\/12\/vizitkarta-logo-agtravelsoft.png","contentUrl":"http:\/\/agtravelsoft.com\/wp-content\/uploads\/2018\/12\/vizitkarta-logo-agtravelsoft.png","width":256,"height":78,"caption":"Agtravelsoft"},"image":{"@id":"https:\/\/agtravelsoft.com\/RS\/#\/schema\/logo\/image\/"}}]}},"_links":{"self":[{"href":"https:\/\/agtravelsoft.com\/RS\/wp-json\/wp\/v2\/pages\/54","targetHints":{"allow":["GET"]}}],"collection":[{"href":"https:\/\/agtravelsoft.com\/RS\/wp-json\/wp\/v2\/pages"}],"about":[{"href":"https:\/\/agtravelsoft.com\/RS\/wp-json\/wp\/v2\/types\/page"}],"author":[{"embeddable":true,"href":"https:\/\/agtravelsoft.com\/RS\/wp-json\/wp\/v2\/users\/2"}],"replies":[{"embeddable":true,"href":"https:\/\/agtravelsoft.com\/RS\/wp-json\/wp\/v2\/comments?post=54"}],"version-history":[{"count":23,"href":"https:\/\/agtravelsoft.com\/RS\/wp-json\/wp\/v2\/pages\/54\/revisions"}],"predecessor-version":[{"id":380,"href":"https:\/\/agtravelsoft.com\/RS\/wp-json\/wp\/v2\/pages\/54\/revisions\/380"}],"wp:attachment":[{"href":"https:\/\/agtravelsoft.com\/RS\/wp-json\/wp\/v2\/media?parent=54"}],"curies":[{"name":"wp","href":"https:\/\/api.w.org\/{rel}","templated":true}]}}