{"id":53,"date":"2018-12-24T11:14:09","date_gmt":"2018-12-24T11:14:09","guid":{"rendered":"http:\/\/agtravelsoft.com\/?page_id=53"},"modified":"2019-01-21T16:16:59","modified_gmt":"2019-01-21T16:16:59","slug":"about","status":"publish","type":"page","link":"https:\/\/agtravelsoft.com\/RS\/about\/","title":{"rendered":"O AgTravelSoft aplikaciji"},"content":{"rendered":"<p>[et_pb_section bb_built=&#8221;1&#8243;][et_pb_row][et_pb_column type=&#8221;4_4&#8243;][et_pb_text _builder_version=&#8221;3.19.2&#8243;]<\/p>\n<h1>O aplikaciji AgTravelSoft<\/h1>\n<p>[\/et_pb_text][\/et_pb_column][\/et_pb_row][et_pb_row][et_pb_column type=&#8221;4_4&#8243;][et_pb_text _builder_version=&#8221;3.19.2&#8243;]<\/p>\n<p style=\"text-align: left;\"><strong>AgTravelSoft je poslovna aplikacija za turizam<\/strong>, razvijena na iskustvu ste\u010denom u Izraelu, Nema\u010dkoj, Holandiji, Norve\u0161koj, Gr\u010dkoj, Hrvatskoj i drugim evropskim zemljama.&nbsp; Ukoliko se bavite turisti\u010dkim biznisom, ovo je aplikacija za vas &#8211; <strong>aplikacija za biznis u turizmu (organizatorska, subagentska, menad\u017eerska aplikacija za turisti\u010dke agencije)<\/strong> i njegovu <strong>sveobuhvatnu administraciju<\/strong>.&nbsp;&nbsp;U skladu sa potrebama dana\u0161njeg biznisa, AgTravelSoft je moderno, brzo, pouzdano i uvek dostupno re\u0161enje, koje radi samo ono \u0161to treba da radi, bez suvi\u0161nih koraka i nepotrebnih procesa.&nbsp; Kad god je to mogu\u0107e, AgTravelSoft sve radi na &#8220;klik&#8221; &#8211; zamisao je od starta bila da je ovo aplikacija koja se koristi, a ne koja se u\u010di svaki put iznova.&nbsp; Dakle, AgTravelSoft nudi lagan i intuitivan unos podataka, brze izmene podataka, logi\u010dan sled doga\u0111aja pri radu i brz pristup izve\u0161tajima i analitici.<\/p>\n<p style=\"text-align: left;\">Kako bi AgTravelSoft postao prvi izbor <strong>svih aktera u turisti\u010dkom biznisu<\/strong>, kreatori su pojednostavili kori\u0161\u0107enje aplikacije i u\u010dinili ga modularnim, \u0161to u&nbsp;najve\u0107em broju slu\u010dajeva zna\u010di da uklju\u010divanje opcija <strong>ne uti\u010de na cenu kori\u0161\u0107enja<\/strong> AgTravelSoft aplikacije, a za one slu\u010dajeve gde uti\u010de, obra\u010dunava se <strong>tek kada korisnik po\u010dne da koristi uslugu<\/strong>, a ne kada je aktivira.<\/p>\n<p>[\/et_pb_text][\/et_pb_column][\/et_pb_row][et_pb_row][et_pb_column type=&#8221;4_4&#8243;][et_pb_image _builder_version=&#8221;3.19.2&#8243; src=&#8221;http:\/\/agtravelsoft.com\/wp-content\/uploads\/2019\/01\/analytics-2156083.png&#8221; \/][\/et_pb_column][\/et_pb_row][et_pb_row][et_pb_column type=&#8221;4_4&#8243;][et_pb_text _builder_version=&#8221;3.19.2&#8243;]<\/p>\n<p><b>VA\u017dNO<\/b> &#8211; <strong>AgTravelSoft NIJE<\/strong>&nbsp;samo aplikacija za turisti\u010dke agencije, ve\u0107 <strong>SOFTVERSKO RE\u0160ENJE ZA SVE OBLIKE RADA U TURIZMU<\/strong>.&nbsp; AgTravelSoft danas koriste:<\/p>\n<ul>\n<li>Turisti\u010dke agencije organizatori turisti\u010dkih putovanja (Touroperatori),<\/li>\n<li>Turisti\u010dke agencije posrednici;<\/li>\n<li>Turisti\u010dke agencije koje se bave kombinovanom vrstom usluga;<\/li>\n<li>Turisti\u010dke agencije koje se bave \u0111a\u010dkim ekskurzijama i \u0161kolskim turizmom;<\/li>\n<li>Turisti\u010dke agencije za work and travel programe;<\/li>\n<li>Turisti\u010dke agencije koje se bave sajmovima, kongresima i seminarima;<\/li>\n<li>Svi vidovi iznajmljiva\u010da sme\u0161taja (pravna i fizi\u010dka lica &#8211; apartmani, hoteli, privatne ku\u0107e itd);<\/li>\n<li>Lokalne turisti\u010dke zajednice,<\/li>\n<li>Menad\u017eeri sme\u0161taja koji su zadu\u017eeni za izdavanje sme\u0161taja u tu\u0111e ima i za tu\u0111 ra\u010dun,<\/li>\n<li>Autobuski i kombi prevoznici itd.<\/li>\n<\/ul>\n<p>Zanima li vas da saznate vi\u0161e &#8211; <a href=\"http:\/\/agtravelsoft.com\/RS\/contact\/\">kontaktirajte nas<\/a> ili proverite \u0161ta vam donosi <a href=\"http:\/\/agtravelsoft.com\/RS\/demo\/\">DEMO verzija<\/a>!<\/p>\n<p>[\/et_pb_text][\/et_pb_column][\/et_pb_row][\/et_pb_section]<\/p>","protected":false},"excerpt":{"rendered":"<p><div class=\"et_pb_row et_pb_row_0 et_pb_row_empty\">\n\t\t\t\t\n\t\t\t\t\n\t\t\t\t\n\t\t\t\t\n\t\t\t\t\n\t\t\t<\/div> O aplikaciji AgTravelSoft <div class=\"et_pb_row et_pb_row_1 et_pb_row_empty\">\n\t\t\t\t\n\t\t\t\t\n\t\t\t\t\n\t\t\t\t\n\t\t\t\t\n\t\t\t<\/div> AgTravelSoft je poslovna aplikacija za turizam, razvijena na iskustvu ste\u010denom u Izraelu, Nema\u010dkoj, Holandiji, Norve\u0161koj, Gr\u010dkoj, Hrvatskoj i drugim evropskim zemljama.&nbsp; Ukoliko se bavite turisti\u010dkim biznisom, ovo je aplikacija za vas &#8211; aplikacija za biznis u turizmu (organizatorska, subagentska, menad\u017eerska aplikacija za turisti\u010dke agencije) i njegovu sveobuhvatnu administraciju.&nbsp;&nbsp;U skladu sa [&hellip;]<\/p>\n","protected":false},"author":2,"featured_media":0,"parent":0,"menu_order":0,"comment_status":"closed","ping_status":"closed","template":"","meta":{"_et_pb_use_builder":"on","_et_pb_old_content":"","_et_gb_content_width":"","footnotes":""},"class_list":["post-53","page","type-page","status-publish","hentry"],"yoast_head":"<!-- This site is optimized with the Yoast SEO plugin v27.1.1 - https:\/\/yoast.com\/product\/yoast-seo-wordpress\/ -->\n<title>organizatorska, subagentska, menad\u017eerska aplikacija za turisti\u010dke agencije<\/title>\n<meta name=\"description\" content=\"AgTravelSoft je organizatorska, subagentska, menad\u017eerska aplikacija za turisti\u010dke agencije, ali pogodna je i za upravljanje ponudom sme\u0161taja, booking, itd..\" \/>\n<meta name=\"robots\" content=\"index, follow, max-snippet:-1, max-image-preview:large, max-video-preview:-1\" \/>\n<link rel=\"canonical\" href=\"https:\/\/agtravelsoft.com\/RS\/about\/\" \/>\n<meta property=\"og:locale\" content=\"en_US\" \/>\n<meta property=\"og:type\" content=\"article\" \/>\n<meta property=\"og:title\" content=\"organizatorska, subagentska, menad\u017eerska aplikacija za turisti\u010dke agencije\" \/>\n<meta property=\"og:description\" content=\"AgTravelSoft je organizatorska, subagentska, menad\u017eerska aplikacija za turisti\u010dke agencije, ali pogodna je i za upravljanje ponudom sme\u0161taja, booking, itd..\" \/>\n<meta property=\"og:url\" content=\"https:\/\/agtravelsoft.com\/RS\/about\/\" \/>\n<meta property=\"og:site_name\" content=\"AgTravelSoft\" \/>\n<meta property=\"article:modified_time\" content=\"2019-01-21T16:16:59+00:00\" \/>\n<meta name=\"twitter:card\" content=\"summary_large_image\" \/>\n<meta name=\"twitter:label1\" content=\"Est. reading time\" \/>\n\t<meta name=\"twitter:data1\" content=\"5 minutes\" \/>\n<script type=\"application\/ld+json\" class=\"yoast-schema-graph\">{\"@context\":\"https:\/\/schema.org\",\"@graph\":[{\"@type\":\"WebPage\",\"@id\":\"https:\/\/agtravelsoft.com\/RS\/about\/\",\"url\":\"https:\/\/agtravelsoft.com\/RS\/about\/\",\"name\":\"organizatorska, subagentska, menad\u017eerska aplikacija za turisti\u010dke agencije\",\"isPartOf\":{\"@id\":\"https:\/\/agtravelsoft.com\/RS\/#website\"},\"datePublished\":\"2018-12-24T11:14:09+00:00\",\"dateModified\":\"2019-01-21T16:16:59+00:00\",\"description\":\"AgTravelSoft je organizatorska, subagentska, menad\u017eerska aplikacija za turisti\u010dke agencije, ali pogodna je i za upravljanje ponudom sme\u0161taja, booking, itd..\",\"breadcrumb\":{\"@id\":\"https:\/\/agtravelsoft.com\/RS\/about\/#breadcrumb\"},\"inLanguage\":\"rs-RS\",\"potentialAction\":[{\"@type\":\"ReadAction\",\"target\":[[\"https:\/\/agtravelsoft.com\/RS\/about\/\"]]}]},{\"@type\":\"BreadcrumbList\",\"@id\":\"https:\/\/agtravelsoft.com\/RS\/about\/#breadcrumb\",\"itemListElement\":[{\"@type\":\"ListItem\",\"position\":1,\"name\":\"Home\",\"item\":\"https:\/\/agtravelsoft.com\/RS\/\"},{\"@type\":\"ListItem\",\"position\":2,\"name\":\"O AgTravelSoft aplikaciji\"}]},{\"@type\":\"WebSite\",\"@id\":\"https:\/\/agtravelsoft.com\/RS\/#website\",\"url\":\"https:\/\/agtravelsoft.com\/RS\/\",\"name\":\"AgTravelSoft\",\"description\":\"AgTravelSoft - web aplikacija za upravljanje turisti\u010dkom agencijom\",\"publisher\":{\"@id\":\"https:\/\/agtravelsoft.com\/RS\/#organization\"},\"potentialAction\":[{\"@type\":\"SearchAction\",\"target\":{\"@type\":\"EntryPoint\",\"urlTemplate\":\"https:\/\/agtravelsoft.com\/RS\/?s={search_term_string}\"},\"query-input\":{\"@type\":\"PropertyValueSpecification\",\"valueRequired\":true,\"valueName\":\"search_term_string\"}}],\"inLanguage\":\"rs-RS\"},{\"@type\":\"Organization\",\"@id\":\"https:\/\/agtravelsoft.com\/RS\/#organization\",\"name\":\"Agtravelsoft\",\"url\":\"https:\/\/agtravelsoft.com\/RS\/\",\"logo\":{\"@type\":\"ImageObject\",\"inLanguage\":\"rs-RS\",\"@id\":\"https:\/\/agtravelsoft.com\/RS\/#\/schema\/logo\/image\/\",\"url\":\"http:\/\/agtravelsoft.com\/wp-content\/uploads\/2018\/12\/vizitkarta-logo-agtravelsoft.png\",\"contentUrl\":\"http:\/\/agtravelsoft.com\/wp-content\/uploads\/2018\/12\/vizitkarta-logo-agtravelsoft.png\",\"width\":256,\"height\":78,\"caption\":\"Agtravelsoft\"},\"image\":{\"@id\":\"https:\/\/agtravelsoft.com\/RS\/#\/schema\/logo\/image\/\"}}]}<\/script>\n<!-- \/ Yoast SEO plugin. -->","yoast_head_json":{"title":"organizatorska, subagentska, menad\u017eerska aplikacija za turisti\u010dke agencije","description":"AgTravelSoft je organizatorska, subagentska, menad\u017eerska aplikacija za turisti\u010dke agencije, ali pogodna je i za upravljanje ponudom sme\u0161taja, booking, itd..","robots":{"index":"index","follow":"follow","max-snippet":"max-snippet:-1","max-image-preview":"max-image-preview:large","max-video-preview":"max-video-preview:-1"},"canonical":"https:\/\/agtravelsoft.com\/RS\/about\/","og_locale":"en_US","og_type":"article","og_title":"organizatorska, subagentska, menad\u017eerska aplikacija za turisti\u010dke agencije","og_description":"AgTravelSoft je organizatorska, subagentska, menad\u017eerska aplikacija za turisti\u010dke agencije, ali pogodna je i za upravljanje ponudom sme\u0161taja, booking, itd..","og_url":"https:\/\/agtravelsoft.com\/RS\/about\/","og_site_name":"AgTravelSoft","article_modified_time":"2019-01-21T16:16:59+00:00","twitter_card":"summary_large_image","twitter_misc":{"Est. reading time":"5 minutes"},"schema":{"@context":"https:\/\/schema.org","@graph":[{"@type":"WebPage","@id":"https:\/\/agtravelsoft.com\/RS\/about\/","url":"https:\/\/agtravelsoft.com\/RS\/about\/","name":"organizatorska, subagentska, menad\u017eerska aplikacija za turisti\u010dke agencije","isPartOf":{"@id":"https:\/\/agtravelsoft.com\/RS\/#website"},"datePublished":"2018-12-24T11:14:09+00:00","dateModified":"2019-01-21T16:16:59+00:00","description":"AgTravelSoft je organizatorska, subagentska, menad\u017eerska aplikacija za turisti\u010dke agencije, ali pogodna je i za upravljanje ponudom sme\u0161taja, booking, itd..","breadcrumb":{"@id":"https:\/\/agtravelsoft.com\/RS\/about\/#breadcrumb"},"inLanguage":"rs-RS","potentialAction":[{"@type":"ReadAction","target":[["https:\/\/agtravelsoft.com\/RS\/about\/"]]}]},{"@type":"BreadcrumbList","@id":"https:\/\/agtravelsoft.com\/RS\/about\/#breadcrumb","itemListElement":[{"@type":"ListItem","position":1,"name":"Home","item":"https:\/\/agtravelsoft.com\/RS\/"},{"@type":"ListItem","position":2,"name":"O AgTravelSoft aplikaciji"}]},{"@type":"WebSite","@id":"https:\/\/agtravelsoft.com\/RS\/#website","url":"https:\/\/agtravelsoft.com\/RS\/","name":"AgTravelSoft","description":"AgTravelSoft - web aplikacija za upravljanje turisti\u010dkom agencijom","publisher":{"@id":"https:\/\/agtravelsoft.com\/RS\/#organization"},"potentialAction":[{"@type":"SearchAction","target":{"@type":"EntryPoint","urlTemplate":"https:\/\/agtravelsoft.com\/RS\/?s={search_term_string}"},"query-input":{"@type":"PropertyValueSpecification","valueRequired":true,"valueName":"search_term_string"}}],"inLanguage":"rs-RS"},{"@type":"Organization","@id":"https:\/\/agtravelsoft.com\/RS\/#organization","name":"Agtravelsoft","url":"https:\/\/agtravelsoft.com\/RS\/","logo":{"@type":"ImageObject","inLanguage":"rs-RS","@id":"https:\/\/agtravelsoft.com\/RS\/#\/schema\/logo\/image\/","url":"http:\/\/agtravelsoft.com\/wp-content\/uploads\/2018\/12\/vizitkarta-logo-agtravelsoft.png","contentUrl":"http:\/\/agtravelsoft.com\/wp-content\/uploads\/2018\/12\/vizitkarta-logo-agtravelsoft.png","width":256,"height":78,"caption":"Agtravelsoft"},"image":{"@id":"https:\/\/agtravelsoft.com\/RS\/#\/schema\/logo\/image\/"}}]}},"_links":{"self":[{"href":"https:\/\/agtravelsoft.com\/RS\/wp-json\/wp\/v2\/pages\/53","targetHints":{"allow":["GET"]}}],"collection":[{"href":"https:\/\/agtravelsoft.com\/RS\/wp-json\/wp\/v2\/pages"}],"about":[{"href":"https:\/\/agtravelsoft.com\/RS\/wp-json\/wp\/v2\/types\/page"}],"author":[{"embeddable":true,"href":"https:\/\/agtravelsoft.com\/RS\/wp-json\/wp\/v2\/users\/2"}],"replies":[{"embeddable":true,"href":"https:\/\/agtravelsoft.com\/RS\/wp-json\/wp\/v2\/comments?post=53"}],"version-history":[{"count":63,"href":"https:\/\/agtravelsoft.com\/RS\/wp-json\/wp\/v2\/pages\/53\/revisions"}],"predecessor-version":[{"id":378,"href":"https:\/\/agtravelsoft.com\/RS\/wp-json\/wp\/v2\/pages\/53\/revisions\/378"}],"wp:attachment":[{"href":"https:\/\/agtravelsoft.com\/RS\/wp-json\/wp\/v2\/media?parent=53"}],"curies":[{"name":"wp","href":"https:\/\/api.w.org\/{rel}","templated":true}]}}